{"id":1758,"date":"2020-04-24T12:57:20","date_gmt":"2020-04-24T10:57:20","guid":{"rendered":"https:\/\/grotte-de-trabuc.com\/mentions-legales\/"},"modified":"2021-04-01T10:20:30","modified_gmt":"2021-04-01T08:20:30","slug":"legal-notices","status":"publish","type":"page","link":"https:\/\/grotte-de-trabuc.com\/en\/legal-notices\/","title":{"rendered":"Legal Notices"},"content":{"rendered":"<h2><strong>Propri\u00e9t\u00e9 du site<\/strong><\/h2>\n<p>Le site internet de la Grotte de Trabuc est la propri\u00e9t\u00e9 de SETSN.<br \/>\nLa soci\u00e9t\u00e9 SETSN SARL au capital de 63 824 euros, est immatricul\u00e9e au RCS de Carcassonne sous le num\u00e9ro 341249811. Son si\u00e8ge social est situ\u00e9 au Gouffre G\u00e9ant de Cabrespine 11160 CABRESPINE.<br \/>\nL\u2019acronyme de Soci\u00e9t\u00e9 d&#8217;Exploitation Touristique de Sites Naturels est SETSN. N\u00b0 de TVA : FR96341249811.<\/p>\n<p>Pour toute question relative au site, contactez-nous par mail \u00e0 trabuc30@gmail.com ou par t\u00e9l\u00e9phone au 04 66 85 03 28.<\/p>\n<h2><strong>Publication du site<\/strong><\/h2>\n<p>Le site est g\u00e9r\u00e9 par SETSN.<\/p>\n<h2><strong>Cr\u00e9ateur du site<\/strong><\/h2>\n<p>Le cr\u00e9ateur du site est le studio Dare Pixel SARL, situ\u00e9 75 rue du P\u00e8re Corentin 75014 Paris.<br \/>\nSite internet : <a href=\"http:\/\/www.darepixel.com\">www.darepixel.com<\/a><\/p>\n<h2><strong>H\u00e9bergement du site<\/strong><\/h2>\n<p>L\u2019h\u00e9bergement du site est assur\u00e9 par OVH, situ\u00e9 2 rue Kellermann 59100 Roubaix.<\/p>\n<h2>Cr\u00e9dits photographiques<\/h2>\n<p>Les photos pr\u00e9sentes sur le site ont \u00e9t\u00e9 r\u00e9alis\u00e9es par :<br \/>\nSETSN<br \/>\n<a href=\"https:\/\/www.aspheries.com\/\" target=\"_blank\" rel=\"noopener noreferrer\">Herv\u00e9 Leclair \/ Asph\u00e9ries<\/a><br \/>\n<a href=\"https:\/\/emidiocastri.fr\/\" target=\"_blank\" rel=\"noopener noreferrer\">Emidio Castri<\/a> (reportage photos Sites d&#8217;Exception du Languedoc)<br \/>\n<a href=\"https:\/\/www.philippe-crochet.com\/\" target=\"_blank\" rel=\"noopener noreferrer\">Philippe Crochet<\/a><br \/>\n<a href=\"https:\/\/darepixel.com\/\" target=\"_blank\" rel=\"noopener noreferrer\">DarePixel<\/a><\/p>\n<h2>Liens hypertextes<\/h2>\n<p>Le site www.grotte-de-trabuc.com peut contenir des liens hypertextes vers d\u2019autres sites web \u00e9dit\u00e9s par des tiers. Les liens vers ces autres ressources vous font quitter le site www.grotte-de-trabuc.com. Dans la mesure o\u00f9 aucun contr\u00f4le n\u2019est effectu\u00e9 sur ces ressources externes, la Grotte de Trabuc n\u2019est en aucun cas responsable de leur contenu.<br \/>\nIl est possible de cr\u00e9er un lien vers la page de pr\u00e9sentation de ce site sans autorisation expresse de la Grotte de Trabuc. Aucune autorisation ou demande d\u2019information pr\u00e9alable ne peut \u00eatre exig\u00e9e par la Grotte de Trabuc \u00e0 l\u2019\u00e9gard d\u2019un site qui souhaite \u00e9tablir un lien vers son site. Il convient toutefois d\u2019afficher ce site dans une nouvelle fen\u00eatre du navigateur. Cependant, la Grotte de Trabuc se r\u00e9serve le droit de demander la suppression d\u2019un lien qu\u2019il estime non conforme \u00e0 l\u2019objet du site www.grotte-de-trabuc.com.<\/p>\n<span class=\"et_bloom_bottom_trigger\"><\/span>","protected":false},"excerpt":{"rendered":"<p>Propri\u00e9t\u00e9 du site Le site internet de la Grotte de  [&#8230;]<\/p>\n","protected":false},"author":3,"featured_media":0,"parent":0,"menu_order":0,"comment_status":"closed","ping_status":"closed","template":"","meta":{"_acf_changed":false,"inline_featured_image":false,"footnotes":""},"class_list":["post-1758","page","type-page","status-publish","hentry"],"acf":[],"_links":{"self":[{"href":"https:\/\/grotte-de-trabuc.com\/en\/wp-json\/wp\/v2\/pages\/1758","targetHints":{"allow":["GET"]}}],"collection":[{"href":"https:\/\/grotte-de-trabuc.com\/en\/wp-json\/wp\/v2\/pages"}],"about":[{"href":"https:\/\/grotte-de-trabuc.com\/en\/wp-json\/wp\/v2\/types\/page"}],"author":[{"embeddable":true,"href":"https:\/\/grotte-de-trabuc.com\/en\/wp-json\/wp\/v2\/users\/3"}],"replies":[{"embeddable":true,"href":"https:\/\/grotte-de-trabuc.com\/en\/wp-json\/wp\/v2\/comments?post=1758"}],"version-history":[{"count":9,"href":"https:\/\/grotte-de-trabuc.com\/en\/wp-json\/wp\/v2\/pages\/1758\/revisions"}],"predecessor-version":[{"id":9137,"href":"https:\/\/grotte-de-trabuc.com\/en\/wp-json\/wp\/v2\/pages\/1758\/revisions\/9137"}],"wp:attachment":[{"href":"https:\/\/grotte-de-trabuc.com\/en\/wp-json\/wp\/v2\/media?parent=1758"}],"curies":[{"name":"wp","href":"https:\/\/api.w.org\/{rel}","templated":true}]}}