{"id":452,"date":"2020-03-05T14:49:05","date_gmt":"2020-03-05T13:49:05","guid":{"rendered":"https:\/\/grotte-de-trabuc.com\/homepage\/"},"modified":"2026-04-22T15:49:54","modified_gmt":"2026-04-22T13:49:54","slug":"homepage","status":"publish","type":"page","link":"https:\/\/grotte-de-trabuc.com\/en\/","title":{"rendered":"Homepage"},"content":{"rendered":"<p><div class=\"fusion-fullwidth fullwidth-box fusion-builder-row-1 nonhundred-percent-fullwidth non-hundred-percent-height-scrolling\" style=\"--awb-border-radius-top-left:0px;--awb-border-radius-top-right:0px;--awb-border-radius-bottom-right:0px;--awb-border-radius-bottom-left:0px;--awb-flex-wrap:wrap;\" id=\"home_container_1\" ><div class=\"fusion-builder-row fusion-row\"><div class=\"fusion-layout-column fusion_builder_column fusion-builder-column-0 fusion_builder_column_1_3 1_3 fusion-one-third fusion-column-first\" style=\"--awb-bg-size:cover;width:33.333333333333%;width:calc(33.333333333333% - ( ( 4% + 4% ) * 0.33333333333333 ) );margin-right: 4%;\"><div class=\"fusion-column-wrapper fusion-column-has-shadow fusion-flex-column-wrapper-legacy\"><div class=\"fusion-image-element in-legacy-container\" style=\"--awb-max-width:90px;--awb-caption-title-font-family:var(--h2_typography-font-family);--awb-caption-title-font-weight:var(--h2_typography-font-weight);--awb-caption-title-font-style:var(--h2_typography-font-style);--awb-caption-title-size:var(--h2_typography-font-size);--awb-caption-title-transform:var(--h2_typography-text-transform);--awb-caption-title-line-height:var(--h2_typography-line-height);--awb-caption-title-letter-spacing:var(--h2_typography-letter-spacing);\"><span class=\" fusion-imageframe imageframe-none imageframe-1 hover-type-none\"><img decoding=\"async\" width=\"89\" height=\"87\" alt=\"torche\" title=\"picto-lampe-torche\" src=\"https:\/\/grotte-de-trabuc.com\/wp-content\/uploads\/2021\/01\/picto-lampe-torche.png\" class=\"img-responsive wp-image-7149\" srcset=\"https:\/\/grotte-de-trabuc.com\/wp-content\/uploads\/2021\/01\/picto-lampe-torche-66x66.png 66w, https:\/\/grotte-de-trabuc.com\/wp-content\/uploads\/2021\/01\/picto-lampe-torche.png 89w\" sizes=\"(max-width: 89px) 100vw, 89px\" \/><\/span><\/div><div class=\"fusion-text fusion-text-1\" style=\"--awb-text-transform:none;\"><h2>Choose your visit<\/h2>\n<p>The Grotte de Trabuc invites you to discover an authentic, unspoilt mineral paradise. Discover 4 ways to visit in complete safety.<\/p>\n<p><a href=\"#activities_anchor\">Discover<\/a><\/p>\n<\/div><div class=\"fusion-clearfix\"><\/div><\/div><\/div><div class=\"fusion-layout-column fusion_builder_column fusion-builder-column-1 fusion_builder_column_1_3 1_3 fusion-one-third\" style=\"--awb-bg-size:cover;width:33.333333333333%;width:calc(33.333333333333% - ( ( 4% + 4% ) * 0.33333333333333 ) );margin-right: 4%;\"><div class=\"fusion-column-wrapper fusion-column-has-shadow fusion-flex-column-wrapper-legacy\"><div class=\"fusion-image-element in-legacy-container\" style=\"--awb-max-width:90px;--awb-caption-title-font-family:var(--h2_typography-font-family);--awb-caption-title-font-weight:var(--h2_typography-font-weight);--awb-caption-title-font-style:var(--h2_typography-font-style);--awb-caption-title-size:var(--h2_typography-font-size);--awb-caption-title-transform:var(--h2_typography-text-transform);--awb-caption-title-line-height:var(--h2_typography-line-height);--awb-caption-title-letter-spacing:var(--h2_typography-letter-spacing);\"><span class=\" fusion-imageframe imageframe-none imageframe-2 hover-type-none\"><img decoding=\"async\" width=\"97\" height=\"88\" alt=\"ticket\" title=\"picto-ticket-02\" src=\"https:\/\/grotte-de-trabuc.com\/wp-content\/uploads\/2021\/01\/picto-ticket-02.png\" class=\"img-responsive wp-image-7145\"\/><\/span><\/div><div class=\"fusion-text fusion-text-2\"><h2>Buy your tickets<\/h2>\n<p>To visit the cave, you can buy your tickets via our online ticketing service or directly from the at the ticket office at the site reception on the day.<\/p>\n<p><a href=\"https:\/\/grotte-de-trabuc.com\/en\/prices-ticketing\/\">Booking<\/a><\/p>\n<\/div><div class=\"fusion-clearfix\"><\/div><\/div><\/div><div class=\"fusion-layout-column fusion_builder_column fusion-builder-column-2 fusion_builder_column_1_3 1_3 fusion-one-third fusion-column-last\" style=\"--awb-bg-size:cover;width:33.333333333333%;width:calc(33.333333333333% - ( ( 4% + 4% ) * 0.33333333333333 ) );\"><div class=\"fusion-column-wrapper fusion-column-has-shadow fusion-flex-column-wrapper-legacy\"><div class=\"fusion-image-element in-legacy-container\" style=\"--awb-max-width:95px;--awb-caption-title-font-family:var(--h2_typography-font-family);--awb-caption-title-font-weight:var(--h2_typography-font-weight);--awb-caption-title-font-style:var(--h2_typography-font-style);--awb-caption-title-size:var(--h2_typography-font-size);--awb-caption-title-transform:var(--h2_typography-text-transform);--awb-caption-title-line-height:var(--h2_typography-line-height);--awb-caption-title-letter-spacing:var(--h2_typography-letter-spacing);\"><span class=\" fusion-imageframe imageframe-none imageframe-3 hover-type-none\"><img decoding=\"async\" width=\"95\" height=\"90\" alt=\"map\" title=\"picto-map\" src=\"https:\/\/grotte-de-trabuc.com\/wp-content\/uploads\/2021\/01\/picto-map.png\" class=\"img-responsive wp-image-7153\"\/><\/span><\/div><div class=\"fusion-text fusion-text-3\"><h2>Getting to the cave<\/h2>\n<p>The Grotte de Trabuc is located near Anduze (10 mins), Al\u00e8s (20 mins) and N\u00eemes (50 mins). The natural site overlooks the small village of Mialet, in the heart of the C\u00e9vennes.<\/p>\n<p><a href=\"https:\/\/grotte-de-trabuc.com\/en\/come-to-the-cave\/\">Access<\/a><\/p>\n<\/div><div class=\"fusion-clearfix\"><\/div><\/div><\/div><\/div><\/div><div class=\"fusion-fullwidth fullwidth-box fusion-builder-row-2 nonhundred-percent-fullwidth non-hundred-percent-height-scrolling\" style=\"--awb-border-radius-top-left:0px;--awb-border-radius-top-right:0px;--awb-border-radius-bottom-right:0px;--awb-border-radius-bottom-left:0px;--awb-flex-wrap:wrap;\" id=\"home_container_2\" ><div class=\"fusion-builder-row fusion-row\"><\/div><\/div><\/p>\n<span class=\"et_bloom_bottom_trigger\"><\/span>","protected":false},"excerpt":{"rendered":"","protected":false},"author":1,"featured_media":0,"parent":0,"menu_order":0,"comment_status":"closed","ping_status":"closed","template":"template-homepage.php","meta":{"_acf_changed":false,"inline_featured_image":false,"footnotes":""},"class_list":["post-452","page","type-page","status-publish","hentry"],"acf":[],"_links":{"self":[{"href":"https:\/\/grotte-de-trabuc.com\/en\/wp-json\/wp\/v2\/pages\/452","targetHints":{"allow":["GET"]}}],"collection":[{"href":"https:\/\/grotte-de-trabuc.com\/en\/wp-json\/wp\/v2\/pages"}],"about":[{"href":"https:\/\/grotte-de-trabuc.com\/en\/wp-json\/wp\/v2\/types\/page"}],"author":[{"embeddable":true,"href":"https:\/\/grotte-de-trabuc.com\/en\/wp-json\/wp\/v2\/users\/1"}],"replies":[{"embeddable":true,"href":"https:\/\/grotte-de-trabuc.com\/en\/wp-json\/wp\/v2\/comments?post=452"}],"version-history":[{"count":99,"href":"https:\/\/grotte-de-trabuc.com\/en\/wp-json\/wp\/v2\/pages\/452\/revisions"}],"predecessor-version":[{"id":14255,"href":"https:\/\/grotte-de-trabuc.com\/en\/wp-json\/wp\/v2\/pages\/452\/revisions\/14255"}],"wp:attachment":[{"href":"https:\/\/grotte-de-trabuc.com\/en\/wp-json\/wp\/v2\/media?parent=452"}],"curies":[{"name":"wp","href":"https:\/\/api.w.org\/{rel}","templated":true}]}}