{"id":461,"date":"2020-03-05T14:57:24","date_gmt":"2020-03-05T13:57:24","guid":{"rendered":"https:\/\/grotte-de-trabuc.com\/venir-au-gouffre\/"},"modified":"2021-05-11T15:53:11","modified_gmt":"2021-05-11T13:53:11","slug":"come-to-the-cave","status":"publish","type":"page","link":"https:\/\/grotte-de-trabuc.com\/en\/come-to-the-cave\/","title":{"rendered":"Come to the cave"},"content":{"rendered":"<div class=\"fusion-fullwidth fullwidth-box fusion-builder-row-1 nonhundred-percent-fullwidth non-hundred-percent-height-scrolling\" style=\"--awb-border-radius-top-left:0px;--awb-border-radius-top-right:0px;--awb-border-radius-bottom-right:0px;--awb-border-radius-bottom-left:0px;--awb-flex-wrap:wrap;\" ><div class=\"fusion-builder-row fusion-row\"><div class=\"fusion-layout-column fusion_builder_column fusion-builder-column-0 fusion_builder_column_1_1 1_1 fusion-one-full fusion-column-first fusion-column-last\" style=\"--awb-bg-size:cover;\"><div class=\"fusion-column-wrapper fusion-column-has-shadow fusion-flex-column-wrapper-legacy\"><div class=\"fusion-builder-row fusion-builder-row-inner fusion-row\"><div class=\"fusion-layout-column fusion_builder_column_inner fusion-builder-nested-column-0 fusion_builder_column_inner_1_1 1_1 fusion-one-full fusion-column-first fusion-column-last\" style=\"--awb-bg-size:cover;\" id=\"map_wrapper\"><div class=\"fusion-column-wrapper fusion-column-has-shadow fusion-flex-column-wrapper-legacy\"><iframe src=\"https:\/\/www.google.com\/maps\/embed?pb=!1m18!1m12!1m3!1d2864.8151603247925!2d3.957245316191623!3d44.107805830931625!2m3!1f0!2f0!3f0!3m2!1i1024!2i768!4f13.1!3m3!1m2!1s0x12b46e9c85e5c079%3A0x7bea4322901d132c!2sGrotte%20de%20Trabuc!5e0!3m2!1sfr!2sfr!4v1610822592112!5m2!1sfr!2sfr\" width=\"100%\" height=\"500\" frameborder=\"0\" style=\"border:0;\" allowfullscreen=\"\" aria-hidden=\"false\" tabindex=\"0\"><\/iframe><div class=\"fusion-clearfix\"><\/div><\/div><\/div><\/div><div class=\"fusion-aligncenter\"><a class=\"fusion-button button-flat fusion-button-default-size button-default fusion-button-default button-1 fusion-button-default-span fusion-button-default-type btn btn-gotomap\" target=\"_blank\" rel=\"noopener noreferrer\" href=\"https:\/\/www.google.com\/maps\/place\/Grotte+de+Trabuc\/@44.1078058,3.9572453,17z\/data=!3m1!4b1!4m5!3m4!1s0x12b46e9c85e5c079:0x7bea4322901d132c!8m2!3d44.107802!4d3.959434\"><span class=\"fusion-button-text\">Open in Google Maps<\/span><\/a><\/div><div class=\"fusion-text fusion-text-1\"><h2>Location<\/h2>\n<ul>\n<li>20 minutes from Al\u00e8s<\/li>\n<li>50 minutes from N\u00eemes<\/li>\n<li>1h10 from Montpellier<\/li>\n<li>1h15 from Avignon<\/li>\n<li>2h10 from Marseille<\/li>\n<li>2h40 from Lyon<\/li>\n<\/ul>\n<h2>Itineraries<\/h2>\n<p>Coming from N\u00eemes, take exit n\u00b05 towards Anduze. Coming from Anduze, take direction G\u00e9n\u00e9rargues and follow the signs &#8220;Grotte de Trabuc&#8221; towards Mialet.<\/p>\n<p>Coming from Al\u00e8s, take either direction Anduze, or for a more picturesque drive, take the D50 which goes through Saint-Jean-du-Pin.<\/p>\n<p>Descending from the C\u00e9vennes ledge (corniche des C\u00e9vennes), once at Saint-Jean-du-Gard, follow the signs for &#8220;Grotte de Trabuc&#8221; &#8211; Vall\u00e9e de Mialet.<\/p>\n<p>From the Al\u00e8s bus station, the bus line 81 stops in Luziers. It&#8217;s then a 2 km walk to our site reception.<\/p>\n<\/div><div class=\"fusion-clearfix\"><\/div><\/div><\/div><\/div><\/div>\n<span class=\"et_bloom_bottom_trigger\"><\/span>","protected":false},"excerpt":{"rendered":"","protected":false},"author":1,"featured_media":0,"parent":0,"menu_order":0,"comment_status":"closed","ping_status":"closed","template":"template-map.php","meta":{"_acf_changed":false,"inline_featured_image":false,"footnotes":""},"class_list":["post-461","page","type-page","status-publish","hentry"],"acf":[],"_links":{"self":[{"href":"https:\/\/grotte-de-trabuc.com\/en\/wp-json\/wp\/v2\/pages\/461","targetHints":{"allow":["GET"]}}],"collection":[{"href":"https:\/\/grotte-de-trabuc.com\/en\/wp-json\/wp\/v2\/pages"}],"about":[{"href":"https:\/\/grotte-de-trabuc.com\/en\/wp-json\/wp\/v2\/types\/page"}],"author":[{"embeddable":true,"href":"https:\/\/grotte-de-trabuc.com\/en\/wp-json\/wp\/v2\/users\/1"}],"replies":[{"embeddable":true,"href":"https:\/\/grotte-de-trabuc.com\/en\/wp-json\/wp\/v2\/comments?post=461"}],"version-history":[{"count":15,"href":"https:\/\/grotte-de-trabuc.com\/en\/wp-json\/wp\/v2\/pages\/461\/revisions"}],"predecessor-version":[{"id":9545,"href":"https:\/\/grotte-de-trabuc.com\/en\/wp-json\/wp\/v2\/pages\/461\/revisions\/9545"}],"wp:attachment":[{"href":"https:\/\/grotte-de-trabuc.com\/en\/wp-json\/wp\/v2\/media?parent=461"}],"curies":[{"name":"wp","href":"https:\/\/api.w.org\/{rel}","templated":true}]}}