{"id":14148,"date":"2024-02-27T17:34:19","date_gmt":"2024-02-27T16:34:19","guid":{"rendered":"https:\/\/grotte-de-trabuc.com\/chasse-aux-oeufs-de-paques-2026\/"},"modified":"2026-03-18T15:32:37","modified_gmt":"2026-03-18T14:32:37","slug":"chasse-aux-oeufs-de-paques-2026-es","status":"publish","type":"page","link":"https:\/\/grotte-de-trabuc.com\/es\/chasse-aux-oeufs-de-paques-2026-es\/","title":{"rendered":"B\u00fasqueda de huevos de Pascua"},"content":{"rendered":"<div class=\"fusion-fullwidth fullwidth-box fusion-builder-row-1 fusion-flex-container nonhundred-percent-fullwidth non-hundred-percent-height-scrolling\" style=\"--awb-border-radius-top-left:0px;--awb-border-radius-top-right:0px;--awb-border-radius-bottom-right:0px;--awb-border-radius-bottom-left:0px;--awb-flex-wrap:wrap;\" ><div class=\"fusion-builder-row fusion-row fusion-flex-align-items-flex-start fusion-flex-content-wrap\" style=\"max-width:1456px;margin-left: calc(-4% \/ 2 );margin-right: calc(-4% \/ 2 );\"><div class=\"fusion-layout-column fusion_builder_column fusion-builder-column-0 fusion_builder_column_1_1 1_1 fusion-flex-column\" style=\"--awb-bg-size:cover;--awb-width-large:100%;--awb-margin-top-large:0px;--awb-spacing-right-large:1.92%;--awb-margin-bottom-large:0px;--awb-spacing-left-large:1.92%;--awb-width-medium:100%;--awb-spacing-right-medium:1.92%;--awb-spacing-left-medium:1.92%;--awb-width-small:100%;--awb-spacing-right-small:1.92%;--awb-spacing-left-small:1.92%;\"><div class=\"fusion-column-wrapper fusion-flex-justify-content-flex-start fusion-content-layout-column\"><div class=\"fusion-builder-row fusion-builder-row-inner fusion-row fusion-flex-align-items-flex-start fusion-flex-content-wrap\" style=\"width:104% !important;max-width:104% !important;margin-left: calc(-4% \/ 2 );margin-right: calc(-4% \/ 2 );\"><div class=\"fusion-layout-column fusion_builder_column_inner fusion-builder-nested-column-0 fusion_builder_column_inner_2_3 2_3 fusion-flex-column\" style=\"--awb-bg-size:cover;--awb-width-large:66.666666666667%;--awb-margin-top-large:0px;--awb-spacing-right-large:2.88%;--awb-margin-bottom-large:20px;--awb-spacing-left-large:2.88%;--awb-width-medium:100%;--awb-order-medium:0;--awb-spacing-right-medium:1.92%;--awb-spacing-left-medium:1.92%;--awb-width-small:100%;--awb-order-small:0;--awb-spacing-right-small:1.92%;--awb-spacing-left-small:1.92%;\"><div class=\"fusion-column-wrapper fusion-column-has-shadow fusion-flex-justify-content-flex-start fusion-content-layout-column\"><div class=\"fusion-separator fusion-full-width-sep\" style=\"align-self: center;margin-left: auto;margin-right: auto;width:100%;\"><div class=\"fusion-separator-border sep-single\" style=\"--awb-height:20px;--awb-amount:20px;--awb-sep-color:rgba(185,171,154,0);border-color:rgba(185,171,154,0);border-top-width:2px;\"><\/div><\/div><div class=\"fusion-text fusion-text-1\"><p>Acompa\u00f1ados por un gu\u00eda y a la luz de vuestra linterna, sum\u00e9rjanse en una aventura subterr\u00e1nea fuera de lo com\u00fan en busca de los huevos de Pascua.<\/p>\n<p>A lo largo de un recorrido acondicionado en el coraz\u00f3n de la cueva, exploren cada rinc\u00f3n para descubrir los tesoros ocultos: huevos grandes, huevos peque\u00f1os y monedas de oro de chocolate procedentes del misterioso tesoro de los Trabucaires\u2026<\/p>\n<p>Una experiencia inmersiva, entre exploraci\u00f3n y gastronom\u00eda, que maravillar\u00e1 a grandes y peque\u00f1os.<\/p>\n<p>Al finalizar esta b\u00fasqueda de huevos guiada, prolongue el descubrimiento por su cuenta gracias a la visita audioguiada. Avance a su ritmo y d\u00e9jese cautivar por la magia y la belleza del mundo subterr\u00e1neo.<\/p>\n<p data-start=\"759\" data-end=\"854\"><strong data-start=\"759\" data-end=\"774\">Novedad :<\/strong><\/p>\n<p data-start=\"759\" data-end=\"854\">\u00a1Del 4 al 25 de abril, vive una aventura a\u00fan m\u00e1s divertida en familia!<\/p>\n<p>\u00a1Mant\u00e9n los ojos bien abiertos\u2026! \u00a1Hay conejos de las cavernas escondidos en la cueva!<\/p>\n<p>Sigue su rastro, observa atentamente tu entorno, hazles fotos y presenta tu exploraci\u00f3n en recepci\u00f3n para llevarte una sorpresa (una por familia).<\/p>\n<p>\u00a1Una experiencia original, inmersiva y llena de sorpresas para compartir en familia!<\/p>\n<\/div><\/div><\/div><div class=\"fusion-layout-column fusion_builder_column_inner fusion-builder-nested-column-1 fusion_builder_column_inner_1_3 1_3 fusion-flex-column\" style=\"--awb-bg-size:cover;--awb-width-large:33.333333333333%;--awb-margin-top-large:0px;--awb-spacing-right-large:5.76%;--awb-margin-bottom-large:20px;--awb-spacing-left-large:5.76%;--awb-width-medium:100%;--awb-order-medium:0;--awb-spacing-right-medium:1.92%;--awb-spacing-left-medium:1.92%;--awb-width-small:100%;--awb-order-small:0;--awb-spacing-right-small:1.92%;--awb-spacing-left-small:1.92%;\"><div class=\"fusion-column-wrapper fusion-column-has-shadow fusion-flex-justify-content-flex-start fusion-content-layout-column\"><div class=\"fusion-separator fusion-full-width-sep\" style=\"align-self: center;margin-left: auto;margin-right: auto;width:100%;\"><div class=\"fusion-separator-border sep-single\" style=\"--awb-height:20px;--awb-amount:20px;--awb-sep-color:rgba(185,171,154,0);border-color:rgba(185,171,154,0);border-top-width:2px;\"><\/div><\/div><div class=\"fusion-separator fusion-full-width-sep\" style=\"align-self: center;margin-left: auto;margin-right: auto;width:100%;\"><div class=\"fusion-separator-border sep-single\" style=\"--awb-height:20px;--awb-amount:20px;--awb-sep-color:rgba(185,171,154,0);border-color:rgba(185,171,154,0);border-top-width:2px;\"><\/div><\/div><div class=\"fusion-slider-sc\"><div class=\"fusion-flexslider-loading flexslider flexslider-hover-type-none\" data-slideshow_autoplay=\"1\" data-slideshow_smooth_height=\"0\" data-slideshow_speed=\"7000\" style=\"max-width:100%;height:100%;\"><ul class=\"slides\"><li class=\"image\"><span class=\"fusion-image-hover-element hover-type-none\"><img decoding=\"async\" src=\"https:\/\/grotte-de-trabuc.com\/wp-content\/uploads\/2026\/03\/IMG-20240328-WA0000-225x300.jpg\" width=\"225\" height=\"300\" class=\"wp-image-14109\" srcset=\"https:\/\/grotte-de-trabuc.com\/wp-content\/uploads\/2026\/03\/IMG-20240328-WA0000-200x267.jpg 200w, https:\/\/grotte-de-trabuc.com\/wp-content\/uploads\/2026\/03\/IMG-20240328-WA0000-400x533.jpg 400w, https:\/\/grotte-de-trabuc.com\/wp-content\/uploads\/2026\/03\/IMG-20240328-WA0000-600x800.jpg 600w, https:\/\/grotte-de-trabuc.com\/wp-content\/uploads\/2026\/03\/IMG-20240328-WA0000-800x1067.jpg 800w, https:\/\/grotte-de-trabuc.com\/wp-content\/uploads\/2026\/03\/IMG-20240328-WA0000.jpg 1200w\" sizes=\"(max-width: 1024px) 100vw, (max-width: 640px) 100vw, 600px\" \/><\/span><\/li><li class=\"image\"><span class=\"fusion-image-hover-element hover-type-none\"><img decoding=\"async\" src=\"https:\/\/grotte-de-trabuc.com\/wp-content\/uploads\/2026\/03\/IMG_1836-FB-225x300.jpg\" width=\"225\" height=\"300\" class=\"wp-image-14112\" srcset=\"https:\/\/grotte-de-trabuc.com\/wp-content\/uploads\/2026\/03\/IMG_1836-FB-200x267.jpg 200w, https:\/\/grotte-de-trabuc.com\/wp-content\/uploads\/2026\/03\/IMG_1836-FB-400x533.jpg 400w, https:\/\/grotte-de-trabuc.com\/wp-content\/uploads\/2026\/03\/IMG_1836-FB-600x800.jpg 600w, https:\/\/grotte-de-trabuc.com\/wp-content\/uploads\/2026\/03\/IMG_1836-FB-800x1067.jpg 800w, https:\/\/grotte-de-trabuc.com\/wp-content\/uploads\/2026\/03\/IMG_1836-FB-1200x1600.jpg 1200w, https:\/\/grotte-de-trabuc.com\/wp-content\/uploads\/2026\/03\/IMG_1836-FB-scaled.jpg 1920w\" sizes=\"(max-width: 1024px) 100vw, (max-width: 640px) 100vw, 600px\" \/><\/span><\/li><li class=\"image\"><span class=\"fusion-image-hover-element hover-type-none\"><img decoding=\"async\" src=\"https:\/\/grotte-de-trabuc.com\/wp-content\/uploads\/2026\/03\/IMG_1829-225x300.jpg\" width=\"225\" height=\"300\" class=\"wp-image-14120\" srcset=\"https:\/\/grotte-de-trabuc.com\/wp-content\/uploads\/2026\/03\/IMG_1829-200x267.jpg 200w, https:\/\/grotte-de-trabuc.com\/wp-content\/uploads\/2026\/03\/IMG_1829-400x533.jpg 400w, https:\/\/grotte-de-trabuc.com\/wp-content\/uploads\/2026\/03\/IMG_1829-600x800.jpg 600w, https:\/\/grotte-de-trabuc.com\/wp-content\/uploads\/2026\/03\/IMG_1829-800x1067.jpg 800w, https:\/\/grotte-de-trabuc.com\/wp-content\/uploads\/2026\/03\/IMG_1829-1200x1600.jpg 1200w, https:\/\/grotte-de-trabuc.com\/wp-content\/uploads\/2026\/03\/IMG_1829-rotated.jpg 1512w\" sizes=\"(max-width: 1024px) 100vw, (max-width: 640px) 100vw, 600px\" \/><\/span><\/li><\/ul><\/div><\/div><\/div><\/div><\/div><div class=\"fusion-separator fusion-full-width-sep\" style=\"align-self: center;margin-left: auto;margin-right: auto;width:100%;\"><div class=\"fusion-separator-border sep-single\" style=\"--awb-height:20px;--awb-amount:20px;--awb-sep-color:rgba(185,171,154,0);border-color:rgba(185,171,154,0);border-top-width:2px;\"><\/div><\/div><div class=\"fusion-builder-row fusion-builder-row-inner fusion-row fusion-flex-align-items-flex-start fusion-flex-content-wrap\" style=\"width:104% !important;max-width:104% !important;margin-left: calc(-4% \/ 2 );margin-right: calc(-4% \/ 2 );\"><div class=\"fusion-layout-column fusion_builder_column_inner fusion-builder-nested-column-2 fusion_builder_column_inner_1_2 1_2 fusion-flex-column\" style=\"--awb-bg-size:cover;--awb-width-large:50%;--awb-margin-top-large:0px;--awb-spacing-right-large:3.84%;--awb-margin-bottom-large:20px;--awb-spacing-left-large:3.84%;--awb-width-medium:100%;--awb-order-medium:0;--awb-spacing-right-medium:1.92%;--awb-spacing-left-medium:1.92%;--awb-width-small:100%;--awb-order-small:0;--awb-spacing-right-small:1.92%;--awb-spacing-left-small:1.92%;\"><div class=\"fusion-column-wrapper fusion-column-has-shadow fusion-flex-justify-content-flex-start fusion-content-layout-column\"><div class=\"fusion-text fusion-text-2\"><h2>Tarifas<\/h2>\n<ul>\n<li><strong>Adultos :<\/strong> 16.00\u20ac<\/li>\n<li><strong>Ni\u00f1os (13-17 a\u00f1os) :\u00a0<\/strong> 14.50\u20ac<\/li>\n<li><strong>Ni\u00f1os (4-12 a\u00f1os) :<\/strong> 11.50\u20ac<\/li>\n<li><strong>Ni\u00f1os (&lt; 4 a\u00f1os) : <\/strong>Gratis<\/li>\n<\/ul>\n<\/div><\/div><\/div><div class=\"fusion-layout-column fusion_builder_column_inner fusion-builder-nested-column-3 fusion_builder_column_inner_1_2 1_2 fusion-flex-column\" style=\"--awb-bg-size:cover;--awb-width-large:50%;--awb-margin-top-large:0px;--awb-spacing-right-large:3.84%;--awb-margin-bottom-large:20px;--awb-spacing-left-large:3.84%;--awb-width-medium:100%;--awb-order-medium:0;--awb-spacing-right-medium:1.92%;--awb-spacing-left-medium:1.92%;--awb-width-small:100%;--awb-order-small:0;--awb-spacing-right-small:1.92%;--awb-spacing-left-small:1.92%;\"><div class=\"fusion-column-wrapper fusion-column-has-shadow fusion-flex-justify-content-flex-start fusion-content-layout-column\"><div class=\"fusion-text fusion-text-3\"><h2>Informaciones<\/h2>\n<ul>\n<li><strong>Todo p\u00fablico<\/strong><\/li>\n<li><strong>Equipamiento:<\/strong> se recomienda llevar una linterna (se pueden solicitar en recepci\u00f3n)<\/li>\n<li><strong>Duraci\u00f3n:<\/strong> aproximadamente 1 h 15 min<\/li>\n<li><strong>Temperatura:<\/strong> 14 \u00b0C<\/li>\n<li><strong>Audiogu\u00edas gratuitas:<\/strong> franc\u00e9s, ingl\u00e9s, neerland\u00e9s, alem\u00e1n, espa\u00f1ol y catal\u00e1n<\/li>\n<\/ul>\n<\/div><\/div><\/div><\/div><div class=\"fusion-separator fusion-full-width-sep\" style=\"align-self: center;margin-left: auto;margin-right: auto;width:100%;\"><div class=\"fusion-separator-border sep-single\" style=\"--awb-height:20px;--awb-amount:20px;--awb-sep-color:rgba(185,171,154,0);border-color:rgba(185,171,154,0);border-top-width:2px;\"><\/div><\/div><div class=\"fusion-text fusion-text-4\"><h2>Reservaci\u00f3n<\/h2>\n<p style=\"text-align: center;\"><strong>Es necesario reservar. Plazas limitadas.<\/strong><\/p>\n<p style=\"text-align: center;\">Haga clic en la fecha que desee para ver la disponibilidad y reservar si lo desea.<\/p>\n<p><script type=\"text\/javascript\" src=\"\/\/gadget.open-system.fr\/widgets-libs\/rel\/noyau-1.0.min.js\"><\/script><br \/>\n<script type=\"text\/javascript\">\n( function() {\n\tvar widgetProduit = AllianceReseaux.Widget.Instance( \"Produit\", { idPanier:\"xtrGxsY\", idIntegration:1163, langue:\"fr\", ui:\"CA-OPBI-5811-64824\" } );\n\twidgetProduit.Initialise();\n})();\n<\/script><\/p>\n<div id=\"widget-produit-CA-OPBI-5811-64824\"><\/div>\n<\/div><\/div><\/div><\/div><\/div>\n<span class=\"et_bloom_bottom_trigger\"><\/span>","protected":false},"excerpt":{"rendered":"","protected":false},"author":3,"featured_media":0,"parent":0,"menu_order":0,"comment_status":"closed","ping_status":"closed","template":"","meta":{"_acf_changed":false,"inline_featured_image":false,"footnotes":""},"class_list":["post-14148","page","type-page","status-publish","hentry"],"acf":[],"_links":{"self":[{"href":"https:\/\/grotte-de-trabuc.com\/es\/wp-json\/wp\/v2\/pages\/14148","targetHints":{"allow":["GET"]}}],"collection":[{"href":"https:\/\/grotte-de-trabuc.com\/es\/wp-json\/wp\/v2\/pages"}],"about":[{"href":"https:\/\/grotte-de-trabuc.com\/es\/wp-json\/wp\/v2\/types\/page"}],"author":[{"embeddable":true,"href":"https:\/\/grotte-de-trabuc.com\/es\/wp-json\/wp\/v2\/users\/3"}],"replies":[{"embeddable":true,"href":"https:\/\/grotte-de-trabuc.com\/es\/wp-json\/wp\/v2\/comments?post=14148"}],"version-history":[{"count":6,"href":"https:\/\/grotte-de-trabuc.com\/es\/wp-json\/wp\/v2\/pages\/14148\/revisions"}],"predecessor-version":[{"id":14158,"href":"https:\/\/grotte-de-trabuc.com\/es\/wp-json\/wp\/v2\/pages\/14148\/revisions\/14158"}],"wp:attachment":[{"href":"https:\/\/grotte-de-trabuc.com\/es\/wp-json\/wp\/v2\/media?parent=14148"}],"curies":[{"name":"wp","href":"https:\/\/api.w.org\/{rel}","templated":true}]}}