{"id":1866,"date":"2020-03-05T15:04:25","date_gmt":"2020-03-05T14:04:25","guid":{"rendered":"https:\/\/grotte-de-trabuc.com\/phototheque\/"},"modified":"2021-05-14T12:01:57","modified_gmt":"2021-05-14T10:01:57","slug":"biblioteca-de-fotos","status":"publish","type":"page","link":"https:\/\/grotte-de-trabuc.com\/es\/biblioteca-de-fotos\/","title":{"rendered":"Biblioteca de fotos"},"content":{"rendered":"<div class=\"fusion-fullwidth fullwidth-box fusion-builder-row-1 nonhundred-percent-fullwidth non-hundred-percent-height-scrolling\" style=\"--awb-border-radius-top-left:0px;--awb-border-radius-top-right:0px;--awb-border-radius-bottom-right:0px;--awb-border-radius-bottom-left:0px;--awb-flex-wrap:wrap;\" ><div class=\"fusion-builder-row fusion-row\"><div class=\"fusion-layout-column fusion_builder_column fusion-builder-column-0 fusion_builder_column_1_1 1_1 fusion-one-full fusion-column-first fusion-column-last\" style=\"--awb-bg-size:cover;\"><div class=\"fusion-column-wrapper fusion-column-has-shadow fusion-flex-column-wrapper-legacy\"><div class=\"awb-gallery-wrapper awb-gallery-wrapper-1 button-span-no\"><div style=\"margin:-5px;--awb-bordersize:0px;\" class=\"fusion-gallery fusion-gallery-container fusion-grid-3 fusion-columns-total-33 fusion-gallery-layout-grid fusion-gallery-1\"><div style=\"padding:5px;\" class=\"fusion-grid-column fusion-gallery-column fusion-gallery-column-3 hover-type-zoomin\"><div class=\"fusion-gallery-image\"><a href=\"https:\/\/grotte-de-trabuc.com\/wp-content\/uploads\/2021\/03\/@-Philippe-Crochet-2021-SP-21-0588-Carree.jpg\" rel=\"noreferrer\" data-rel=\"iLightbox[gallery_image_1]\" class=\"fusion-lightbox\" target=\"_self\"><img decoding=\"async\" src=\"https:\/\/grotte-de-trabuc.com\/wp-content\/uploads\/2021\/03\/@-Philippe-Crochet-2021-SP-21-0588-Carree-460x295.jpg\" width=\"460\" height=\"295\" alt=\"\" title=\"@ Philippe Crochet &#8211; 2021 -SP 21-0588 Carr\u00e9e\" aria-label=\"@ Philippe Crochet &#8211; 2021 -SP 21-0588 Carr\u00e9e\" class=\"img-responsive wp-image-9088 fusion-gallery-image-size-fixed\"  \/><\/a><\/div><\/div><div style=\"padding:5px;\" class=\"fusion-grid-column fusion-gallery-column fusion-gallery-column-3 hover-type-zoomin\"><div class=\"fusion-gallery-image\"><a href=\"https:\/\/grotte-de-trabuc.com\/wp-content\/uploads\/2021\/01\/lac-de-minuit_credit-H.Leclair_libre-de-droit-1.jpg\" rel=\"noreferrer\" data-rel=\"iLightbox[gallery_image_1]\" class=\"fusion-lightbox\" target=\"_self\"><img decoding=\"async\" src=\"https:\/\/grotte-de-trabuc.com\/wp-content\/uploads\/2021\/01\/lac-de-minuit_credit-H.Leclair_libre-de-droit-1-460x295.jpg\" width=\"460\" height=\"295\" alt=\"\" title=\"lac de minuit_cr\u00e9dit H.Leclair_libre de droit\" aria-label=\"lac de minuit_cr\u00e9dit H.Leclair_libre de droit\" class=\"img-responsive wp-image-7280 fusion-gallery-image-size-fixed\"  \/><\/a><\/div><\/div><div style=\"padding:5px;\" class=\"fusion-grid-column fusion-gallery-column fusion-gallery-column-3 hover-type-zoomin\"><div class=\"fusion-gallery-image\"><a href=\"https:\/\/grotte-de-trabuc.com\/wp-content\/uploads\/2021\/01\/meduse_credit-H.Leclair_libre-de-droit.jpg\" rel=\"noreferrer\" data-rel=\"iLightbox[gallery_image_1]\" class=\"fusion-lightbox\" target=\"_self\"><img decoding=\"async\" src=\"https:\/\/grotte-de-trabuc.com\/wp-content\/uploads\/2021\/01\/meduse_credit-H.Leclair_libre-de-droit-460x295.jpg\" width=\"460\" height=\"295\" alt=\"\" title=\"m\u00e9duse_cr\u00e9dit H.Leclair_libre de droit\" aria-label=\"m\u00e9duse_cr\u00e9dit H.Leclair_libre de droit\" class=\"img-responsive wp-image-7283 fusion-gallery-image-size-fixed\"  \/><\/a><\/div><\/div><div class=\"clearfix\"><\/div><div style=\"padding:5px;\" class=\"fusion-grid-column fusion-gallery-column fusion-gallery-column-3 hover-type-zoomin\"><div class=\"fusion-gallery-image\"><a href=\"https:\/\/grotte-de-trabuc.com\/wp-content\/uploads\/2021\/01\/photo-15-BDef.jpg\" rel=\"noreferrer\" data-rel=\"iLightbox[gallery_image_1]\" class=\"fusion-lightbox\" target=\"_self\"><img decoding=\"async\" src=\"https:\/\/grotte-de-trabuc.com\/wp-content\/uploads\/2021\/01\/photo-15-BDef-460x295.jpg\" width=\"460\" height=\"295\" alt=\"\" title=\"photo 15 BDef\" aria-label=\"photo 15 BDef\" class=\"img-responsive wp-image-7286 fusion-gallery-image-size-fixed\"  \/><\/a><\/div><\/div><div style=\"padding:5px;\" class=\"fusion-grid-column fusion-gallery-column fusion-gallery-column-3 hover-type-zoomin\"><div class=\"fusion-gallery-image\"><a href=\"https:\/\/grotte-de-trabuc.com\/wp-content\/uploads\/2021\/01\/20190219_125420.jpg\" rel=\"noreferrer\" data-rel=\"iLightbox[gallery_image_1]\" class=\"fusion-lightbox\" target=\"_self\"><img decoding=\"async\" src=\"https:\/\/grotte-de-trabuc.com\/wp-content\/uploads\/2021\/01\/20190219_125420-460x295.jpg\" width=\"460\" height=\"295\" alt=\"\" title=\"20190219_125420\" aria-label=\"20190219_125420\" class=\"img-responsive wp-image-7246 fusion-gallery-image-size-fixed\"  \/><\/a><\/div><\/div><div style=\"padding:5px;\" class=\"fusion-grid-column fusion-gallery-column fusion-gallery-column-3 hover-type-zoomin\"><div class=\"fusion-gallery-image\"><a href=\"https:\/\/grotte-de-trabuc.com\/wp-content\/uploads\/2021\/01\/La-grotte-senflamme-au-couloir-des-explorateurs-setsn.jpg\" rel=\"noreferrer\" data-rel=\"iLightbox[gallery_image_1]\" class=\"fusion-lightbox\" target=\"_self\"><img decoding=\"async\" src=\"https:\/\/grotte-de-trabuc.com\/wp-content\/uploads\/2021\/01\/La-grotte-senflamme-au-couloir-des-explorateurs-setsn-460x295.jpg\" width=\"460\" height=\"295\" alt=\"\" title=\"La grotte s&#8217;enflamme au couloir des explorateurs setsn\" aria-label=\"La grotte s&#8217;enflamme au couloir des explorateurs setsn\" class=\"img-responsive wp-image-7250 fusion-gallery-image-size-fixed\"  \/><\/a><\/div><\/div><div class=\"clearfix\"><\/div><div style=\"padding:5px;\" class=\"fusion-grid-column fusion-gallery-column fusion-gallery-column-3 hover-type-zoomin\"><div class=\"fusion-gallery-image\"><a href=\"https:\/\/grotte-de-trabuc.com\/wp-content\/uploads\/2021\/01\/la-cascade-speleo_credit-H.Leclair_libre-de-droit.jpg\" rel=\"noreferrer\" data-rel=\"iLightbox[gallery_image_1]\" class=\"fusion-lightbox\" target=\"_self\"><img decoding=\"async\" src=\"https:\/\/grotte-de-trabuc.com\/wp-content\/uploads\/2021\/01\/la-cascade-speleo_credit-H.Leclair_libre-de-droit-460x295.jpg\" width=\"460\" height=\"295\" alt=\"\" title=\"la cascade + sp\u00e9l\u00e9o_cr\u00e9dit H.Leclair_libre de droit\" aria-label=\"la cascade + sp\u00e9l\u00e9o_cr\u00e9dit H.Leclair_libre de droit\" class=\"img-responsive wp-image-7277 fusion-gallery-image-size-fixed\"  \/><\/a><\/div><\/div><div style=\"padding:5px;\" class=\"fusion-grid-column fusion-gallery-column fusion-gallery-column-3 hover-type-zoomin\"><div class=\"fusion-gallery-image\"><a href=\"https:\/\/grotte-de-trabuc.com\/wp-content\/uploads\/2021\/02\/goutte-emc-1.jpg\" rel=\"noreferrer\" data-rel=\"iLightbox[gallery_image_1]\" class=\"fusion-lightbox\" target=\"_self\"><img decoding=\"async\" src=\"https:\/\/grotte-de-trabuc.com\/wp-content\/uploads\/2021\/02\/goutte-emc-1-460x295.jpg\" width=\"460\" height=\"295\" alt=\"\" title=\"goutte emc\" aria-label=\"goutte emc\" class=\"img-responsive wp-image-8259 fusion-gallery-image-size-fixed\"  \/><\/a><\/div><\/div><div style=\"padding:5px;\" class=\"fusion-grid-column fusion-gallery-column fusion-gallery-column-3 hover-type-zoomin\"><div class=\"fusion-gallery-image\"><a href=\"https:\/\/grotte-de-trabuc.com\/wp-content\/uploads\/2020\/01\/@-Philippe-Crochet-2021-SP-21-0603.jpg\" rel=\"noreferrer\" data-rel=\"iLightbox[gallery_image_1]\" class=\"fusion-lightbox\" target=\"_self\"><img decoding=\"async\" src=\"https:\/\/grotte-de-trabuc.com\/wp-content\/uploads\/2020\/01\/@-Philippe-Crochet-2021-SP-21-0603-460x295.jpg\" width=\"460\" height=\"295\" alt=\"\" title=\"@ Philippe Crochet &#8211; 2021 -SP 21-0603\" aria-label=\"@ Philippe Crochet &#8211; 2021 -SP 21-0603\" class=\"img-responsive wp-image-9045 fusion-gallery-image-size-fixed\"  \/><\/a><\/div><\/div><div class=\"clearfix\"><\/div><div style=\"padding:5px;\" class=\"fusion-grid-column fusion-gallery-column fusion-gallery-column-3 hover-type-zoomin\"><div class=\"fusion-gallery-image\"><a href=\"https:\/\/grotte-de-trabuc.com\/wp-content\/uploads\/2021\/03\/@-Philippe-Crochet-2021-SP-21-0478-1.jpg\" rel=\"noreferrer\" data-rel=\"iLightbox[gallery_image_1]\" class=\"fusion-lightbox\" target=\"_self\"><img decoding=\"async\" src=\"https:\/\/grotte-de-trabuc.com\/wp-content\/uploads\/2021\/03\/@-Philippe-Crochet-2021-SP-21-0478-1-460x295.jpg\" width=\"460\" height=\"295\" alt=\"\" title=\"@ Philippe Crochet &#8211; 2021 -SP 21-0478\" aria-label=\"@ Philippe Crochet &#8211; 2021 -SP 21-0478\" class=\"img-responsive wp-image-9082 fusion-gallery-image-size-fixed\"  \/><\/a><\/div><\/div><div style=\"padding:5px;\" class=\"fusion-grid-column fusion-gallery-column fusion-gallery-column-3 hover-type-zoomin\"><div class=\"fusion-gallery-image\"><a href=\"https:\/\/grotte-de-trabuc.com\/wp-content\/uploads\/2021\/01\/couloir-des-explorateurs_credit-H.Leclair_libre-de-droit.jpg\" rel=\"noreferrer\" data-rel=\"iLightbox[gallery_image_1]\" class=\"fusion-lightbox\" target=\"_self\"><img decoding=\"async\" src=\"https:\/\/grotte-de-trabuc.com\/wp-content\/uploads\/2021\/01\/couloir-des-explorateurs_credit-H.Leclair_libre-de-droit-460x295.jpg\" width=\"460\" height=\"295\" alt=\"\" title=\"couloir des explorateurs_cr\u00e9dit H.Leclair_libre de droit\" aria-label=\"couloir des explorateurs_cr\u00e9dit H.Leclair_libre de droit\" class=\"img-responsive wp-image-7271 fusion-gallery-image-size-fixed\"  \/><\/a><\/div><\/div><div style=\"padding:5px;\" class=\"fusion-grid-column fusion-gallery-column fusion-gallery-column-3 hover-type-zoomin\"><div class=\"fusion-gallery-image\"><a href=\"https:\/\/grotte-de-trabuc.com\/wp-content\/uploads\/2021\/02\/soldats-en-detail-emc.jpg\" rel=\"noreferrer\" data-rel=\"iLightbox[gallery_image_1]\" class=\"fusion-lightbox\" target=\"_self\"><img decoding=\"async\" src=\"https:\/\/grotte-de-trabuc.com\/wp-content\/uploads\/2021\/02\/soldats-en-detail-emc-460x295.jpg\" width=\"460\" height=\"295\" alt=\"\" title=\"soldats en d\u00e9tail emc\" aria-label=\"soldats en d\u00e9tail emc\" class=\"img-responsive wp-image-8265 fusion-gallery-image-size-fixed\"  \/><\/a><\/div><\/div><div class=\"clearfix\"><\/div><div style=\"padding:5px;\" class=\"fusion-grid-column fusion-gallery-column fusion-gallery-column-3 hover-type-zoomin\"><div class=\"fusion-gallery-image\"><a href=\"https:\/\/grotte-de-trabuc.com\/wp-content\/uploads\/2021\/01\/Fistuleuse_libre-de-droit.jpg\" rel=\"noreferrer\" data-rel=\"iLightbox[gallery_image_1]\" class=\"fusion-lightbox\" target=\"_self\"><img decoding=\"async\" src=\"https:\/\/grotte-de-trabuc.com\/wp-content\/uploads\/2021\/01\/Fistuleuse_libre-de-droit-460x295.jpg\" width=\"460\" height=\"295\" alt=\"\" title=\"Fistuleuse_libre de droit\" aria-label=\"Fistuleuse_libre de droit\" class=\"img-responsive wp-image-7289 fusion-gallery-image-size-fixed\"  \/><\/a><\/div><\/div><div style=\"padding:5px;\" class=\"fusion-grid-column fusion-gallery-column fusion-gallery-column-3 hover-type-zoomin\"><div class=\"fusion-gallery-image\"><a href=\"https:\/\/grotte-de-trabuc.com\/wp-content\/uploads\/2021\/02\/vasque-et-lac-2-emc.jpg\" rel=\"noreferrer\" data-rel=\"iLightbox[gallery_image_1]\" class=\"fusion-lightbox\" target=\"_self\"><img decoding=\"async\" src=\"https:\/\/grotte-de-trabuc.com\/wp-content\/uploads\/2021\/02\/vasque-et-lac-2-emc-460x295.jpg\" width=\"460\" height=\"295\" alt=\"\" title=\"vasque et lac 2 emc\" aria-label=\"vasque et lac 2 emc\" class=\"img-responsive wp-image-8271 fusion-gallery-image-size-fixed\"  \/><\/a><\/div><\/div><div style=\"padding:5px;\" class=\"fusion-grid-column fusion-gallery-column fusion-gallery-column-3 hover-type-zoomin\"><div class=\"fusion-gallery-image\"><a href=\"https:\/\/grotte-de-trabuc.com\/wp-content\/uploads\/2021\/02\/vasque-debordante-emc.jpg\" rel=\"noreferrer\" data-rel=\"iLightbox[gallery_image_1]\" class=\"fusion-lightbox\" target=\"_self\"><img decoding=\"async\" src=\"https:\/\/grotte-de-trabuc.com\/wp-content\/uploads\/2021\/02\/vasque-debordante-emc-460x295.jpg\" width=\"460\" height=\"295\" alt=\"\" title=\"vasque d\u00e9bordante emc\" aria-label=\"vasque d\u00e9bordante emc\" class=\"img-responsive wp-image-8268 fusion-gallery-image-size-fixed\"  \/><\/a><\/div><\/div><div class=\"clearfix\"><\/div><div style=\"padding:5px;\" class=\"fusion-grid-column fusion-gallery-column fusion-gallery-column-3 hover-type-zoomin\"><div class=\"fusion-gallery-image\"><a href=\"https:\/\/grotte-de-trabuc.com\/wp-content\/uploads\/2021\/03\/@-Philippe-Crochet-2021-SP-21-0423.jpg\" rel=\"noreferrer\" data-rel=\"iLightbox[gallery_image_1]\" class=\"fusion-lightbox\" target=\"_self\"><img decoding=\"async\" src=\"https:\/\/grotte-de-trabuc.com\/wp-content\/uploads\/2021\/03\/@-Philippe-Crochet-2021-SP-21-0423-460x295.jpg\" width=\"460\" height=\"295\" alt=\"\" title=\"@ Philippe Crochet &#8211; 2021 -SP 21-0423\" aria-label=\"@ Philippe Crochet &#8211; 2021 -SP 21-0423\" class=\"img-responsive wp-image-9079 fusion-gallery-image-size-fixed\"  \/><\/a><\/div><\/div><div style=\"padding:5px;\" class=\"fusion-grid-column fusion-gallery-column fusion-gallery-column-3 hover-type-zoomin\"><div class=\"fusion-gallery-image\"><a href=\"https:\/\/grotte-de-trabuc.com\/wp-content\/uploads\/2021\/02\/La-grotte-senflamme-salle-des-vasques-setsn-1.jpg\" rel=\"noreferrer\" data-rel=\"iLightbox[gallery_image_1]\" class=\"fusion-lightbox\" target=\"_self\"><img decoding=\"async\" src=\"https:\/\/grotte-de-trabuc.com\/wp-content\/uploads\/2021\/02\/La-grotte-senflamme-salle-des-vasques-setsn-1-460x295.jpg\" width=\"460\" height=\"295\" alt=\"\" title=\"La grotte s&#8217;enflamme salle des vasques setsn\" aria-label=\"La grotte s&#8217;enflamme salle des vasques setsn\" class=\"img-responsive wp-image-8285 fusion-gallery-image-size-fixed\"  \/><\/a><\/div><\/div><div style=\"padding:5px;\" class=\"fusion-grid-column fusion-gallery-column fusion-gallery-column-3 hover-type-zoomin\"><div class=\"fusion-gallery-image\"><a href=\"https:\/\/grotte-de-trabuc.com\/wp-content\/uploads\/2021\/01\/100-000-SOLDATS-ET-MURAILLE-DE-CHINE.jpg\" rel=\"noreferrer\" data-rel=\"iLightbox[gallery_image_1]\" class=\"fusion-lightbox\" target=\"_self\"><img decoding=\"async\" src=\"https:\/\/grotte-de-trabuc.com\/wp-content\/uploads\/2021\/01\/100-000-SOLDATS-ET-MURAILLE-DE-CHINE-460x295.jpg\" width=\"460\" height=\"295\" alt=\"\" title=\"100 000 SOLDATS ET MURAILLE DE CHINE\" aria-label=\"100 000 SOLDATS ET MURAILLE DE CHINE\" class=\"img-responsive wp-image-7268 fusion-gallery-image-size-fixed\"  \/><\/a><\/div><\/div><div class=\"clearfix\"><\/div><div style=\"padding:5px;\" class=\"fusion-grid-column fusion-gallery-column fusion-gallery-column-3 hover-type-zoomin\"><div class=\"fusion-gallery-image\"><a href=\"https:\/\/grotte-de-trabuc.com\/wp-content\/uploads\/2020\/01\/soldat-premier-de-cordee-emc.jpg\" rel=\"noreferrer\" data-rel=\"iLightbox[gallery_image_1]\" class=\"fusion-lightbox\" target=\"_self\"><img decoding=\"async\" src=\"https:\/\/grotte-de-trabuc.com\/wp-content\/uploads\/2020\/01\/soldat-premier-de-cordee-emc-460x295.jpg\" width=\"460\" height=\"295\" alt=\"\" title=\"soldat premier de cord\u00e9e emc\" aria-label=\"soldat premier de cord\u00e9e emc\" class=\"img-responsive wp-image-8517 fusion-gallery-image-size-fixed\"  \/><\/a><\/div><\/div><div style=\"padding:5px;\" class=\"fusion-grid-column fusion-gallery-column fusion-gallery-column-3 hover-type-zoomin\"><div class=\"fusion-gallery-image\"><a href=\"https:\/\/grotte-de-trabuc.com\/wp-content\/uploads\/2020\/01\/reflet-de-la-meduse-emc.jpg\" rel=\"noreferrer\" data-rel=\"iLightbox[gallery_image_1]\" class=\"fusion-lightbox\" target=\"_self\"><img decoding=\"async\" src=\"https:\/\/grotte-de-trabuc.com\/wp-content\/uploads\/2020\/01\/reflet-de-la-meduse-emc-460x295.jpg\" width=\"460\" height=\"295\" alt=\"\" title=\"reflet de la m\u00e9duse emc\" aria-label=\"reflet de la m\u00e9duse emc\" class=\"img-responsive wp-image-8520 fusion-gallery-image-size-fixed\"  \/><\/a><\/div><\/div><div style=\"padding:5px;\" class=\"fusion-grid-column fusion-gallery-column fusion-gallery-column-3 hover-type-zoomin\"><div class=\"fusion-gallery-image\"><a href=\"https:\/\/grotte-de-trabuc.com\/wp-content\/uploads\/2020\/01\/vasque-et-lac-2-emc.jpg\" rel=\"noreferrer\" data-rel=\"iLightbox[gallery_image_1]\" class=\"fusion-lightbox\" target=\"_self\"><img decoding=\"async\" src=\"https:\/\/grotte-de-trabuc.com\/wp-content\/uploads\/2020\/01\/vasque-et-lac-2-emc-460x295.jpg\" width=\"460\" height=\"295\" alt=\"\" title=\"vasque et lac 2 emc\" aria-label=\"vasque et lac 2 emc\" class=\"img-responsive wp-image-8523 fusion-gallery-image-size-fixed\"  \/><\/a><\/div><\/div><div class=\"clearfix\"><\/div><div style=\"padding:5px;\" class=\"fusion-grid-column fusion-gallery-column fusion-gallery-column-3 hover-type-zoomin\"><div class=\"fusion-gallery-image\"><a href=\"https:\/\/grotte-de-trabuc.com\/wp-content\/uploads\/2020\/01\/trabuc-4364.jpg\" rel=\"noreferrer\" data-rel=\"iLightbox[gallery_image_1]\" class=\"fusion-lightbox\" target=\"_self\"><img decoding=\"async\" src=\"https:\/\/grotte-de-trabuc.com\/wp-content\/uploads\/2020\/01\/trabuc-4364-460x295.jpg\" width=\"460\" height=\"295\" alt=\"\" title=\"trabuc-4364\" aria-label=\"trabuc-4364\" class=\"img-responsive wp-image-9437 fusion-gallery-image-size-fixed\"  \/><\/a><\/div><\/div><div style=\"padding:5px;\" class=\"fusion-grid-column fusion-gallery-column fusion-gallery-column-3 hover-type-zoomin\"><div class=\"fusion-gallery-image\"><a href=\"https:\/\/grotte-de-trabuc.com\/wp-content\/uploads\/2020\/01\/salle-du-lac-vertical-credit-EC.jpg\" rel=\"noreferrer\" data-rel=\"iLightbox[gallery_image_1]\" class=\"fusion-lightbox\" target=\"_self\"><img decoding=\"async\" src=\"https:\/\/grotte-de-trabuc.com\/wp-content\/uploads\/2020\/01\/salle-du-lac-vertical-credit-EC-460x295.jpg\" width=\"460\" height=\"295\" alt=\"\" title=\"salle du lac vertical cr\u00e9dit EC\" aria-label=\"salle du lac vertical cr\u00e9dit EC\" class=\"img-responsive wp-image-8526 fusion-gallery-image-size-fixed\"  \/><\/a><\/div><\/div><div style=\"padding:5px;\" class=\"fusion-grid-column fusion-gallery-column fusion-gallery-column-3 hover-type-zoomin\"><div class=\"fusion-gallery-image\"><a href=\"https:\/\/grotte-de-trabuc.com\/wp-content\/uploads\/2020\/01\/244.jpg\" rel=\"noreferrer\" data-rel=\"iLightbox[gallery_image_1]\" class=\"fusion-lightbox\" target=\"_self\"><img decoding=\"async\" src=\"https:\/\/grotte-de-trabuc.com\/wp-content\/uploads\/2020\/01\/244-460x295.jpg\" width=\"460\" height=\"295\" alt=\"\" title=\"244\" aria-label=\"244\" class=\"img-responsive wp-image-8529 fusion-gallery-image-size-fixed\"  \/><\/a><\/div><\/div><div class=\"clearfix\"><\/div><div style=\"padding:5px;\" class=\"fusion-grid-column fusion-gallery-column fusion-gallery-column-3 hover-type-zoomin\"><div class=\"fusion-gallery-image\"><a href=\"https:\/\/grotte-de-trabuc.com\/wp-content\/uploads\/2021\/03\/@-Philippe-Crochet-2021-SP-21-0564.jpg\" rel=\"noreferrer\" data-rel=\"iLightbox[gallery_image_1]\" class=\"fusion-lightbox\" target=\"_self\"><img decoding=\"async\" src=\"https:\/\/grotte-de-trabuc.com\/wp-content\/uploads\/2021\/03\/@-Philippe-Crochet-2021-SP-21-0564-460x295.jpg\" width=\"460\" height=\"295\" alt=\"\" title=\"@ Philippe Crochet &#8211; 2021 -SP 21-0564\" aria-label=\"@ Philippe Crochet &#8211; 2021 -SP 21-0564\" class=\"img-responsive wp-image-9096 fusion-gallery-image-size-fixed\"  \/><\/a><\/div><\/div><div style=\"padding:5px;\" class=\"fusion-grid-column fusion-gallery-column fusion-gallery-column-3 hover-type-zoomin\"><div class=\"fusion-gallery-image\"><a href=\"https:\/\/grotte-de-trabuc.com\/wp-content\/uploads\/2021\/03\/tunnel.png\" rel=\"noreferrer\" data-rel=\"iLightbox[gallery_image_1]\" class=\"fusion-lightbox\" target=\"_self\"><img decoding=\"async\" src=\"https:\/\/grotte-de-trabuc.com\/wp-content\/uploads\/2021\/03\/tunnel-460x295.png\" width=\"460\" height=\"295\" alt=\"\" title=\"tunnel\" aria-label=\"tunnel\" class=\"img-responsive wp-image-8749 fusion-gallery-image-size-fixed\"  \/><\/a><\/div><\/div><div style=\"padding:5px;\" class=\"fusion-grid-column fusion-gallery-column fusion-gallery-column-3 hover-type-zoomin\"><div class=\"fusion-gallery-image\"><a href=\"https:\/\/grotte-de-trabuc.com\/wp-content\/uploads\/2021\/03\/traversee.png\" rel=\"noreferrer\" data-rel=\"iLightbox[gallery_image_1]\" class=\"fusion-lightbox\" target=\"_self\"><img decoding=\"async\" src=\"https:\/\/grotte-de-trabuc.com\/wp-content\/uploads\/2021\/03\/traversee-460x295.png\" width=\"460\" height=\"295\" alt=\"\" title=\"travers\u00e9e\" aria-label=\"travers\u00e9e\" class=\"img-responsive wp-image-8803 fusion-gallery-image-size-fixed\"  \/><\/a><\/div><\/div><div class=\"clearfix\"><\/div><div style=\"padding:5px;\" class=\"fusion-grid-column fusion-gallery-column fusion-gallery-column-3 hover-type-zoomin\"><div class=\"fusion-gallery-image\"><a href=\"https:\/\/grotte-de-trabuc.com\/wp-content\/uploads\/2021\/03\/@-Philippe-Crochet-2021-SP-21-0599.jpg\" rel=\"noreferrer\" data-rel=\"iLightbox[gallery_image_1]\" class=\"fusion-lightbox\" target=\"_self\"><img decoding=\"async\" src=\"https:\/\/grotte-de-trabuc.com\/wp-content\/uploads\/2021\/03\/@-Philippe-Crochet-2021-SP-21-0599-460x295.jpg\" width=\"460\" height=\"295\" alt=\"\" title=\"@ Philippe Crochet &#8211; 2021 -SP 21-0599\" aria-label=\"@ Philippe Crochet &#8211; 2021 -SP 21-0599\" class=\"img-responsive wp-image-9051 fusion-gallery-image-size-fixed\"  \/><\/a><\/div><\/div><div style=\"padding:5px;\" class=\"fusion-grid-column fusion-gallery-column fusion-gallery-column-3 hover-type-zoomin\"><div class=\"fusion-gallery-image\"><a href=\"https:\/\/grotte-de-trabuc.com\/wp-content\/uploads\/2021\/03\/@-Philippe-Crochet-2021-SP-21-0455.jpg\" rel=\"noreferrer\" data-rel=\"iLightbox[gallery_image_1]\" class=\"fusion-lightbox\" target=\"_self\"><img decoding=\"async\" src=\"https:\/\/grotte-de-trabuc.com\/wp-content\/uploads\/2021\/03\/@-Philippe-Crochet-2021-SP-21-0455-460x295.jpg\" width=\"460\" height=\"295\" alt=\"\" title=\"@ Philippe Crochet &#8211; 2021 -SP 21-0455\" aria-label=\"@ Philippe Crochet &#8211; 2021 -SP 21-0455\" class=\"img-responsive wp-image-9048 fusion-gallery-image-size-fixed\"  \/><\/a><\/div><\/div><div style=\"padding:5px;\" class=\"fusion-grid-column fusion-gallery-column fusion-gallery-column-3 hover-type-zoomin\"><div class=\"fusion-gallery-image\"><a href=\"https:\/\/grotte-de-trabuc.com\/wp-content\/uploads\/2021\/03\/@-Philippe-Crochet-2021-SP-21-0536.jpg\" rel=\"noreferrer\" data-rel=\"iLightbox[gallery_image_1]\" class=\"fusion-lightbox\" target=\"_self\"><img decoding=\"async\" src=\"https:\/\/grotte-de-trabuc.com\/wp-content\/uploads\/2021\/03\/@-Philippe-Crochet-2021-SP-21-0536-460x295.jpg\" width=\"460\" height=\"295\" alt=\"\" title=\"@ Philippe Crochet &#8211; 2021 -SP 21-0536\" aria-label=\"@ Philippe Crochet &#8211; 2021 -SP 21-0536\" class=\"img-responsive wp-image-9085 fusion-gallery-image-size-fixed\"  \/><\/a><\/div><\/div><div class=\"clearfix\"><\/div><div style=\"padding:5px;\" class=\"fusion-grid-column fusion-gallery-column fusion-gallery-column-3 hover-type-zoomin\"><div class=\"fusion-gallery-image\"><a href=\"https:\/\/grotte-de-trabuc.com\/wp-content\/uploads\/2020\/01\/@-Philippe-Crochet-2021-SP-21-0444.jpg\" rel=\"noreferrer\" data-rel=\"iLightbox[gallery_image_1]\" class=\"fusion-lightbox\" target=\"_self\"><img decoding=\"async\" src=\"https:\/\/grotte-de-trabuc.com\/wp-content\/uploads\/2020\/01\/@-Philippe-Crochet-2021-SP-21-0444-460x295.jpg\" width=\"460\" height=\"295\" alt=\"\" title=\"@ Philippe Crochet &#8211; 2021 -SP 21-0444\" aria-label=\"@ Philippe Crochet &#8211; 2021 -SP 21-0444\" class=\"img-responsive wp-image-9039 fusion-gallery-image-size-fixed\"  \/><\/a><\/div><\/div><div style=\"padding:5px;\" class=\"fusion-grid-column fusion-gallery-column fusion-gallery-column-3 hover-type-zoomin\"><div class=\"fusion-gallery-image\"><a href=\"https:\/\/grotte-de-trabuc.com\/wp-content\/uploads\/2020\/01\/@-Philippe-Crochet-2021-SP-21-0441-1.jpg\" rel=\"noreferrer\" data-rel=\"iLightbox[gallery_image_1]\" class=\"fusion-lightbox\" target=\"_self\"><img decoding=\"async\" src=\"https:\/\/grotte-de-trabuc.com\/wp-content\/uploads\/2020\/01\/@-Philippe-Crochet-2021-SP-21-0441-1-460x295.jpg\" width=\"460\" height=\"295\" alt=\"\" title=\"@ Philippe Crochet &#8211; 2021 -SP 21-0441\" aria-label=\"@ Philippe Crochet &#8211; 2021 -SP 21-0441\" class=\"img-responsive wp-image-9036 fusion-gallery-image-size-fixed\"  \/><\/a><\/div><\/div><div style=\"padding:5px;\" class=\"fusion-grid-column fusion-gallery-column fusion-gallery-column-3 hover-type-zoomin\"><div class=\"fusion-gallery-image\"><a href=\"https:\/\/grotte-de-trabuc.com\/wp-content\/uploads\/2021\/03\/@-Philippe-Crochet-2021-SP-21-0571.jpg\" rel=\"noreferrer\" data-rel=\"iLightbox[gallery_image_1]\" class=\"fusion-lightbox\" target=\"_self\"><img decoding=\"async\" src=\"https:\/\/grotte-de-trabuc.com\/wp-content\/uploads\/2021\/03\/@-Philippe-Crochet-2021-SP-21-0571-460x295.jpg\" width=\"460\" height=\"295\" alt=\"\" title=\"@ Philippe Crochet &#8211; 2021 -SP 21-0571\" aria-label=\"@ Philippe Crochet &#8211; 2021 -SP 21-0571\" class=\"img-responsive wp-image-9093 fusion-gallery-image-size-fixed\"  \/><\/a><\/div><\/div><div class=\"clearfix\"><\/div><\/div><\/div><div class=\"fusion-clearfix\"><\/div><\/div><\/div><\/div><\/div>\n<span class=\"et_bloom_bottom_trigger\"><\/span>","protected":false},"excerpt":{"rendered":"","protected":false},"author":1,"featured_media":0,"parent":0,"menu_order":0,"comment_status":"closed","ping_status":"closed","template":"","meta":{"_acf_changed":false,"inline_featured_image":false,"footnotes":""},"class_list":["post-1866","page","type-page","status-publish","hentry"],"acf":[],"_links":{"self":[{"href":"https:\/\/grotte-de-trabuc.com\/es\/wp-json\/wp\/v2\/pages\/1866","targetHints":{"allow":["GET"]}}],"collection":[{"href":"https:\/\/grotte-de-trabuc.com\/es\/wp-json\/wp\/v2\/pages"}],"about":[{"href":"https:\/\/grotte-de-trabuc.com\/es\/wp-json\/wp\/v2\/types\/page"}],"author":[{"embeddable":true,"href":"https:\/\/grotte-de-trabuc.com\/es\/wp-json\/wp\/v2\/users\/1"}],"replies":[{"embeddable":true,"href":"https:\/\/grotte-de-trabuc.com\/es\/wp-json\/wp\/v2\/comments?post=1866"}],"version-history":[{"count":12,"href":"https:\/\/grotte-de-trabuc.com\/es\/wp-json\/wp\/v2\/pages\/1866\/revisions"}],"predecessor-version":[{"id":9776,"href":"https:\/\/grotte-de-trabuc.com\/es\/wp-json\/wp\/v2\/pages\/1866\/revisions\/9776"}],"wp:attachment":[{"href":"https:\/\/grotte-de-trabuc.com\/es\/wp-json\/wp\/v2\/media?parent=1866"}],"curies":[{"name":"wp","href":"https:\/\/api.w.org\/{rel}","templated":true}]}}