{"id":1925,"date":"2020-06-05T13:17:37","date_gmt":"2020-06-05T11:17:37","guid":{"rendered":"https:\/\/grotte-de-trabuc.com\/partenaires\/"},"modified":"2024-12-17T14:18:15","modified_gmt":"2024-12-17T13:18:15","slug":"socios","status":"publish","type":"page","link":"https:\/\/grotte-de-trabuc.com\/es\/socios\/","title":{"rendered":"Socios"},"content":{"rendered":"<div class=\"fusion-fullwidth fullwidth-box fusion-builder-row-1 nonhundred-percent-fullwidth non-hundred-percent-height-scrolling\" style=\"--awb-border-radius-top-left:0px;--awb-border-radius-top-right:0px;--awb-border-radius-bottom-right:0px;--awb-border-radius-bottom-left:0px;--awb-flex-wrap:wrap;\" ><div class=\"fusion-builder-row fusion-row\"><div class=\"fusion-layout-column fusion_builder_column fusion-builder-column-0 fusion_builder_column_1_1 1_1 fusion-one-full fusion-column-first fusion-column-last\" style=\"--awb-bg-size:cover;\"><div class=\"fusion-column-wrapper fusion-column-has-shadow fusion-flex-column-wrapper-legacy\"><div class=\"fusion-text fusion-text-1\"><p style=\"text-align: center;\">Agradecemos a nuestros socios que nos apoyan y desarrollan nuestra visibilidad.<\/p>\n<\/div><div class=\"fusion-clearfix\"><\/div><\/div><\/div><div class=\"fusion-layout-column fusion_builder_column fusion-builder-column-1 fusion_builder_column_1_6 1_6 fusion-one-sixth fusion-column-first\" style=\"--awb-bg-size:cover;width:16.666666666667%;width:calc(16.666666666667% - ( ( 4% + 4% + 4% + 4% + 4% ) * 0.16666666666667 ) );margin-right: 4%;\"><div class=\"fusion-column-wrapper fusion-column-has-shadow fusion-flex-column-wrapper-legacy\"><div class=\"fusion-image-element in-legacy-container\" style=\"--awb-caption-title-font-family:var(--h2_typography-font-family);--awb-caption-title-font-weight:var(--h2_typography-font-weight);--awb-caption-title-font-style:var(--h2_typography-font-style);--awb-caption-title-size:var(--h2_typography-font-size);--awb-caption-title-transform:var(--h2_typography-text-transform);--awb-caption-title-line-height:var(--h2_typography-line-height);--awb-caption-title-letter-spacing:var(--h2_typography-letter-spacing);\"><span class=\" fusion-imageframe imageframe-none imageframe-1 hover-type-none\"><a class=\"fusion-no-lightbox\" href=\"https:\/\/www.laregion.fr\/\" target=\"_blank\" aria-label=\"logo-occitanie-carr\u00e9\" rel=\"noopener noreferrer\"><img decoding=\"async\" width=\"300\" height=\"300\" src=\"https:\/\/grotte-de-trabuc.com\/wp-content\/uploads\/2021\/01\/logo-occitanie-carre-300x300.jpg\" alt class=\"img-responsive wp-image-6409\" srcset=\"https:\/\/grotte-de-trabuc.com\/wp-content\/uploads\/2021\/01\/logo-occitanie-carre-200x200.jpg 200w, https:\/\/grotte-de-trabuc.com\/wp-content\/uploads\/2021\/01\/logo-occitanie-carre-400x400.jpg 400w, https:\/\/grotte-de-trabuc.com\/wp-content\/uploads\/2021\/01\/logo-occitanie-carre-600x600.jpg 600w, https:\/\/grotte-de-trabuc.com\/wp-content\/uploads\/2021\/01\/logo-occitanie-carre.jpg 777w\" sizes=\"(max-width: 800px) 100vw, 200px\" \/><\/a><\/span><\/div><div class=\"fusion-clearfix\"><\/div><\/div><\/div><div class=\"fusion-layout-column fusion_builder_column fusion-builder-column-2 fusion_builder_column_1_6 1_6 fusion-one-sixth\" style=\"--awb-bg-size:cover;width:16.666666666667%;width:calc(16.666666666667% - ( ( 4% + 4% + 4% + 4% + 4% ) * 0.16666666666667 ) );margin-right: 4%;\"><div class=\"fusion-column-wrapper fusion-column-has-shadow fusion-flex-column-wrapper-legacy\"><div class=\"fusion-image-element in-legacy-container\" style=\"--awb-caption-title-font-family:var(--h2_typography-font-family);--awb-caption-title-font-weight:var(--h2_typography-font-weight);--awb-caption-title-font-style:var(--h2_typography-font-style);--awb-caption-title-size:var(--h2_typography-font-size);--awb-caption-title-transform:var(--h2_typography-text-transform);--awb-caption-title-line-height:var(--h2_typography-line-height);--awb-caption-title-letter-spacing:var(--h2_typography-letter-spacing);\"><span class=\" fusion-imageframe imageframe-none imageframe-2 hover-type-none\"><a class=\"fusion-no-lightbox\" href=\"http:\/\/www.cevennes-tourisme.fr\/\" target=\"_blank\" aria-label=\"c\u00e9vennes tourisme\" rel=\"noopener noreferrer\"><img decoding=\"async\" width=\"400\" height=\"400\" src=\"https:\/\/grotte-de-trabuc.com\/wp-content\/uploads\/2021\/01\/cevennes-tourisme.jpg\" alt class=\"img-responsive wp-image-7475\" srcset=\"https:\/\/grotte-de-trabuc.com\/wp-content\/uploads\/2021\/01\/cevennes-tourisme-200x200.jpg 200w, https:\/\/grotte-de-trabuc.com\/wp-content\/uploads\/2021\/01\/cevennes-tourisme.jpg 400w\" sizes=\"(max-width: 800px) 100vw, 200px\" \/><\/a><\/span><\/div><div class=\"fusion-clearfix\"><\/div><\/div><\/div><div class=\"fusion-layout-column fusion_builder_column fusion-builder-column-3 fusion_builder_column_1_6 1_6 fusion-one-sixth\" style=\"--awb-bg-size:cover;width:16.666666666667%;width:calc(16.666666666667% - ( ( 4% + 4% + 4% + 4% + 4% ) * 0.16666666666667 ) );margin-right: 4%;\"><div class=\"fusion-column-wrapper fusion-column-has-shadow fusion-flex-column-wrapper-legacy\"><div class=\"fusion-image-element in-legacy-container\" style=\"--awb-caption-title-font-family:var(--h2_typography-font-family);--awb-caption-title-font-weight:var(--h2_typography-font-weight);--awb-caption-title-font-style:var(--h2_typography-font-style);--awb-caption-title-size:var(--h2_typography-font-size);--awb-caption-title-transform:var(--h2_typography-text-transform);--awb-caption-title-line-height:var(--h2_typography-line-height);--awb-caption-title-letter-spacing:var(--h2_typography-letter-spacing);\"><span class=\" fusion-imageframe imageframe-none imageframe-3 hover-type-none\"><a class=\"fusion-no-lightbox\" href=\"https:\/\/www.tourismegard.com\/\" target=\"_blank\" aria-label=\"adrt\" rel=\"noopener noreferrer\"><img decoding=\"async\" width=\"280\" height=\"280\" src=\"https:\/\/grotte-de-trabuc.com\/wp-content\/uploads\/2021\/02\/adrt.jpg\" alt class=\"img-responsive wp-image-8192\" srcset=\"https:\/\/grotte-de-trabuc.com\/wp-content\/uploads\/2021\/02\/adrt-200x200.jpg 200w, https:\/\/grotte-de-trabuc.com\/wp-content\/uploads\/2021\/02\/adrt.jpg 280w\" sizes=\"(max-width: 800px) 100vw, 200px\" \/><\/a><\/span><\/div><div class=\"fusion-clearfix\"><\/div><\/div><\/div><div class=\"fusion-layout-column fusion_builder_column fusion-builder-column-4 fusion_builder_column_1_6 1_6 fusion-one-sixth\" style=\"--awb-bg-size:cover;width:16.666666666667%;width:calc(16.666666666667% - ( ( 4% + 4% + 4% + 4% + 4% ) * 0.16666666666667 ) );margin-right: 4%;\"><div class=\"fusion-column-wrapper fusion-column-has-shadow fusion-flex-column-wrapper-legacy\"><div class=\"fusion-image-element in-legacy-container\" style=\"--awb-caption-title-font-family:var(--h2_typography-font-family);--awb-caption-title-font-weight:var(--h2_typography-font-weight);--awb-caption-title-font-style:var(--h2_typography-font-style);--awb-caption-title-size:var(--h2_typography-font-size);--awb-caption-title-transform:var(--h2_typography-text-transform);--awb-caption-title-line-height:var(--h2_typography-line-height);--awb-caption-title-letter-spacing:var(--h2_typography-letter-spacing);\"><span class=\" fusion-imageframe imageframe-none imageframe-4 hover-type-none\"><a class=\"fusion-no-lightbox\" href=\"https:\/\/www.cheriefm.fr\/\" target=\"_blank\" aria-label=\"ch\u00e9rie fm\" rel=\"noopener noreferrer\"><img decoding=\"async\" width=\"175\" height=\"175\" src=\"https:\/\/grotte-de-trabuc.com\/wp-content\/uploads\/2021\/02\/cherie-fm.png\" alt class=\"img-responsive wp-image-8183\" srcset=\"https:\/\/grotte-de-trabuc.com\/wp-content\/uploads\/2021\/02\/cherie-fm-66x66.png 66w, https:\/\/grotte-de-trabuc.com\/wp-content\/uploads\/2021\/02\/cherie-fm-150x150.png 150w, https:\/\/grotte-de-trabuc.com\/wp-content\/uploads\/2021\/02\/cherie-fm.png 175w\" sizes=\"(max-width: 175px) 100vw, 175px\" \/><\/a><\/span><\/div><div class=\"fusion-clearfix\"><\/div><\/div><\/div><div class=\"fusion-layout-column fusion_builder_column fusion-builder-column-5 fusion_builder_column_1_6 1_6 fusion-one-sixth\" style=\"--awb-bg-size:cover;width:16.666666666667%;width:calc(16.666666666667% - ( ( 4% + 4% + 4% + 4% + 4% ) * 0.16666666666667 ) );margin-right: 4%;\"><div class=\"fusion-column-wrapper fusion-column-has-shadow fusion-flex-column-wrapper-legacy\"><div class=\"fusion-image-element in-legacy-container\" style=\"--awb-caption-title-font-family:var(--h2_typography-font-family);--awb-caption-title-font-weight:var(--h2_typography-font-weight);--awb-caption-title-font-style:var(--h2_typography-font-style);--awb-caption-title-size:var(--h2_typography-font-size);--awb-caption-title-transform:var(--h2_typography-text-transform);--awb-caption-title-line-height:var(--h2_typography-line-height);--awb-caption-title-letter-spacing:var(--h2_typography-letter-spacing);\"><span class=\" fusion-imageframe imageframe-none imageframe-5 hover-type-none\"><a class=\"fusion-no-lightbox\" href=\"https:\/\/www.francebleu.fr\/gard-lozere\" target=\"_blank\" aria-label=\"logo_francebleu_gard-lozere\" rel=\"noopener noreferrer\"><img decoding=\"async\" width=\"1500\" height=\"1500\" src=\"https:\/\/grotte-de-trabuc.com\/wp-content\/uploads\/2021\/02\/logo_francebleu_gard-lozere-1.jpg\" alt class=\"img-responsive wp-image-8186\" srcset=\"https:\/\/grotte-de-trabuc.com\/wp-content\/uploads\/2021\/02\/logo_francebleu_gard-lozere-1-200x200.jpg 200w, https:\/\/grotte-de-trabuc.com\/wp-content\/uploads\/2021\/02\/logo_francebleu_gard-lozere-1-400x400.jpg 400w, https:\/\/grotte-de-trabuc.com\/wp-content\/uploads\/2021\/02\/logo_francebleu_gard-lozere-1-600x600.jpg 600w, https:\/\/grotte-de-trabuc.com\/wp-content\/uploads\/2021\/02\/logo_francebleu_gard-lozere-1-800x800.jpg 800w, https:\/\/grotte-de-trabuc.com\/wp-content\/uploads\/2021\/02\/logo_francebleu_gard-lozere-1-1200x1200.jpg 1200w, https:\/\/grotte-de-trabuc.com\/wp-content\/uploads\/2021\/02\/logo_francebleu_gard-lozere-1.jpg 1500w\" sizes=\"(max-width: 800px) 100vw, 200px\" \/><\/a><\/span><\/div><div class=\"fusion-clearfix\"><\/div><\/div><\/div><div class=\"fusion-layout-column fusion_builder_column fusion-builder-column-6 fusion_builder_column_1_6 1_6 fusion-one-sixth fusion-column-last\" style=\"--awb-bg-size:cover;width:16.666666666667%;width:calc(16.666666666667% - ( ( 4% + 4% + 4% + 4% + 4% ) * 0.16666666666667 ) );\"><div class=\"fusion-column-wrapper fusion-column-has-shadow fusion-flex-column-wrapper-legacy\"><div class=\"fusion-image-element in-legacy-container\" style=\"--awb-caption-title-font-family:var(--h2_typography-font-family);--awb-caption-title-font-weight:var(--h2_typography-font-weight);--awb-caption-title-font-style:var(--h2_typography-font-style);--awb-caption-title-size:var(--h2_typography-font-size);--awb-caption-title-transform:var(--h2_typography-text-transform);--awb-caption-title-line-height:var(--h2_typography-line-height);--awb-caption-title-letter-spacing:var(--h2_typography-letter-spacing);\"><span class=\" fusion-imageframe imageframe-none imageframe-6 hover-type-none\"><a class=\"fusion-no-lightbox\" href=\"https:\/\/www.midilibre.fr\/\" target=\"_blank\" aria-label=\"midi-libre-logo\" rel=\"noopener noreferrer\"><img decoding=\"async\" width=\"630\" height=\"630\" src=\"https:\/\/grotte-de-trabuc.com\/wp-content\/uploads\/2021\/02\/midi-libre-logo.jpg\" alt class=\"img-responsive wp-image-8189\" srcset=\"https:\/\/grotte-de-trabuc.com\/wp-content\/uploads\/2021\/02\/midi-libre-logo-200x200.jpg 200w, https:\/\/grotte-de-trabuc.com\/wp-content\/uploads\/2021\/02\/midi-libre-logo-400x400.jpg 400w, https:\/\/grotte-de-trabuc.com\/wp-content\/uploads\/2021\/02\/midi-libre-logo-600x600.jpg 600w, https:\/\/grotte-de-trabuc.com\/wp-content\/uploads\/2021\/02\/midi-libre-logo.jpg 630w\" sizes=\"(max-width: 800px) 100vw, 200px\" \/><\/a><\/span><\/div><div class=\"fusion-clearfix\"><\/div><\/div><\/div><div class=\"fusion-layout-column fusion_builder_column fusion-builder-column-7 fusion_builder_column_1_1 1_1 fusion-one-full fusion-column-first fusion-column-last\" style=\"--awb-bg-size:cover;\"><div class=\"fusion-column-wrapper fusion-column-has-shadow fusion-flex-column-wrapper-legacy\"><div class=\"fusion-text fusion-text-2\"><p><!--more-->Somos miembros de las siguientes Oficinas de Turismo : <a href=\"http:\/\/www.cevennes-tourisme.fr\/\">C\u00e9vennes Tourisme<\/a>,\u00a0 <a href=\"https:\/\/www.cevennes-montlozere.com\/\">Office du Tourisme C\u00e9vennes Mont Loz\u00e8re<\/a>, <a href=\"https:\/\/www.cevennes-gorges-du-tarn.com\/\">Office du Tourisme Gorges du Tarn<\/a>, <a href=\"https:\/\/ot-sommieres.com\/\">Office du Tourisme Pays de Sommi\u00e8res<\/a>, <a href=\"https:\/\/www.ot-cevennes.com\/\">Office du Tourisme C\u00e9vennes M\u00e9diterran\u00e9e<\/a>, <a href=\"https:\/\/uzes-pontdugard.com\/\">Office du Tourisme Pays d\u2019Uz\u00e8s Pont du Gard<\/a>, <a href=\"https:\/\/www.nimes-tourisme.com\/fr\/\">Office du Tourisme de N\u00eemes<\/a>, <a href=\"https:\/\/www.montpellier-tourisme.fr\/\">Office du Tourisme de Montpellier<\/a>, <a href=\"https:\/\/avignon-tourisme.com\/\">Office du Tourisme d\u2019Avignon<\/a>, <a href=\"https:\/\/piemont-cevenol-tourisme.com\/\">Office du Tourisme C\u00e9vennes Pi\u00e9mont<\/a>, <a href=\"https:\/\/www.tourisme-ceze-cevennes.com\/\">Office du Tourisme Pays de C\u00e8ze<\/a>, <a href=\"https:\/\/www.provenceoccitane.com\/\">Office du Tourisme Provence Occitane, <\/a><a href=\"https:\/\/www.sudcevennes.com\/office-tourisme-mont-aigoual-causses-cevennes-valleraugue\/10648\" target=\"_blank\" rel=\"noopener noreferrer\">Office de Tourisme Mont-Aigoual Causse des C\u00e9vennes,<\/a><a href=\"https:\/\/tourismecevennesnavacelles.com\/\" target=\"_blank\" rel=\"noopener noreferrer\">Office de Tourisme C\u00e9vennes Navacelles.<\/a><\/p>\n<\/div><div class=\"fusion-clearfix\"><\/div><\/div><\/div><\/div><\/div>\n<span class=\"et_bloom_bottom_trigger\"><\/span>","protected":false},"excerpt":{"rendered":"","protected":false},"author":1,"featured_media":0,"parent":0,"menu_order":0,"comment_status":"closed","ping_status":"closed","template":"","meta":{"_acf_changed":false,"inline_featured_image":false,"footnotes":""},"class_list":["post-1925","page","type-page","status-publish","hentry"],"acf":[],"_links":{"self":[{"href":"https:\/\/grotte-de-trabuc.com\/es\/wp-json\/wp\/v2\/pages\/1925","targetHints":{"allow":["GET"]}}],"collection":[{"href":"https:\/\/grotte-de-trabuc.com\/es\/wp-json\/wp\/v2\/pages"}],"about":[{"href":"https:\/\/grotte-de-trabuc.com\/es\/wp-json\/wp\/v2\/types\/page"}],"author":[{"embeddable":true,"href":"https:\/\/grotte-de-trabuc.com\/es\/wp-json\/wp\/v2\/users\/1"}],"replies":[{"embeddable":true,"href":"https:\/\/grotte-de-trabuc.com\/es\/wp-json\/wp\/v2\/comments?post=1925"}],"version-history":[{"count":13,"href":"https:\/\/grotte-de-trabuc.com\/es\/wp-json\/wp\/v2\/pages\/1925\/revisions"}],"predecessor-version":[{"id":12984,"href":"https:\/\/grotte-de-trabuc.com\/es\/wp-json\/wp\/v2\/pages\/1925\/revisions\/12984"}],"wp:attachment":[{"href":"https:\/\/grotte-de-trabuc.com\/es\/wp-json\/wp\/v2\/media?parent=1925"}],"curies":[{"name":"wp","href":"https:\/\/api.w.org\/{rel}","templated":true}]}}