{"id":453,"date":"2020-03-05T14:49:05","date_gmt":"2020-03-05T13:49:05","guid":{"rendered":"https:\/\/grotte-de-trabuc.com\/homepage\/"},"modified":"2026-03-18T16:00:24","modified_gmt":"2026-03-18T15:00:24","slug":"pagina-principal","status":"publish","type":"page","link":"https:\/\/grotte-de-trabuc.com\/es\/","title":{"rendered":"P\u00e1gina principal"},"content":{"rendered":"<p><div class=\"fusion-fullwidth fullwidth-box fusion-builder-row-1 nonhundred-percent-fullwidth non-hundred-percent-height-scrolling\" style=\"--awb-border-radius-top-left:0px;--awb-border-radius-top-right:0px;--awb-border-radius-bottom-right:0px;--awb-border-radius-bottom-left:0px;--awb-flex-wrap:wrap;\" id=\"home_container_1\" ><div class=\"fusion-builder-row fusion-row\"><div class=\"fusion-layout-column fusion_builder_column fusion-builder-column-0 fusion_builder_column_1_3 1_3 fusion-one-third fusion-column-first\" style=\"--awb-bg-size:cover;width:33.333333333333%;width:calc(33.333333333333% - ( ( 4% + 4% ) * 0.33333333333333 ) );margin-right: 4%;\"><div class=\"fusion-column-wrapper fusion-column-has-shadow fusion-flex-column-wrapper-legacy\"><div class=\"fusion-image-element in-legacy-container\" style=\"--awb-max-width:90px;--awb-caption-title-font-family:var(--h2_typography-font-family);--awb-caption-title-font-weight:var(--h2_typography-font-weight);--awb-caption-title-font-style:var(--h2_typography-font-style);--awb-caption-title-size:var(--h2_typography-font-size);--awb-caption-title-transform:var(--h2_typography-text-transform);--awb-caption-title-line-height:var(--h2_typography-line-height);--awb-caption-title-letter-spacing:var(--h2_typography-letter-spacing);\"><span class=\" fusion-imageframe imageframe-none imageframe-1 hover-type-none\"><img decoding=\"async\" width=\"89\" height=\"87\" title=\"picto-lampe-torche\" src=\"https:\/\/grotte-de-trabuc.com\/wp-content\/uploads\/2021\/01\/picto-lampe-torche.png\" alt class=\"img-responsive wp-image-7150\" srcset=\"https:\/\/grotte-de-trabuc.com\/wp-content\/uploads\/2021\/01\/picto-lampe-torche-66x66.png 66w, https:\/\/grotte-de-trabuc.com\/wp-content\/uploads\/2021\/01\/picto-lampe-torche.png 89w\" sizes=\"(max-width: 89px) 100vw, 89px\" \/><\/span><\/div><div class=\"fusion-text fusion-text-1\"><h2>Elige tu visita<\/h2>\n<p>La Cueva de Trabuc le invita a descubrir un para\u00edso mineral, aut\u00e9ntico y conservado. Descubre 4 formas de visitarlo de forma segura.<\/p>\n<p><a href=\"#activities_anchor\">Descubrir<\/a><\/p>\n<\/div><div class=\"fusion-clearfix\"><\/div><\/div><\/div><div class=\"fusion-layout-column fusion_builder_column fusion-builder-column-1 fusion_builder_column_1_3 1_3 fusion-one-third\" style=\"--awb-bg-size:cover;width:33.333333333333%;width:calc(33.333333333333% - ( ( 4% + 4% ) * 0.33333333333333 ) );margin-right: 4%;\"><div class=\"fusion-column-wrapper fusion-column-has-shadow fusion-flex-column-wrapper-legacy\"><div class=\"fusion-image-element in-legacy-container\" style=\"--awb-max-width:90px;--awb-caption-title-font-family:var(--h2_typography-font-family);--awb-caption-title-font-weight:var(--h2_typography-font-weight);--awb-caption-title-font-style:var(--h2_typography-font-style);--awb-caption-title-size:var(--h2_typography-font-size);--awb-caption-title-transform:var(--h2_typography-text-transform);--awb-caption-title-line-height:var(--h2_typography-line-height);--awb-caption-title-letter-spacing:var(--h2_typography-letter-spacing);\"><span class=\" fusion-imageframe imageframe-none imageframe-2 hover-type-none\"><img decoding=\"async\" width=\"97\" height=\"88\" title=\"picto-ticket-02\" src=\"https:\/\/grotte-de-trabuc.com\/wp-content\/uploads\/2021\/01\/picto-ticket-02.png\" alt class=\"img-responsive wp-image-7146\"\/><\/span><\/div><div class=\"fusion-text fusion-text-2\"><h2>Compra tus billetes<\/h2>\n<p>Compra tus billetes en l\u00ednea, o si prefieres puedes comprarlos el d\u00eda de tu visita directamente en la recepci\u00f3n del sitio.<\/p>\n<p><a href=\"https:\/\/grotte-de-trabuc.com\/es\/tarifas-taquilla\/\">Reserva<\/a><\/p>\n<\/div><div class=\"fusion-clearfix\"><\/div><\/div><\/div><div class=\"fusion-layout-column fusion_builder_column fusion-builder-column-2 fusion_builder_column_1_3 1_3 fusion-one-third fusion-column-last\" style=\"--awb-bg-size:cover;width:33.333333333333%;width:calc(33.333333333333% - ( ( 4% + 4% ) * 0.33333333333333 ) );\"><div class=\"fusion-column-wrapper fusion-column-has-shadow fusion-flex-column-wrapper-legacy\"><div class=\"fusion-image-element in-legacy-container\" style=\"--awb-max-width:95px;--awb-caption-title-font-family:var(--h2_typography-font-family);--awb-caption-title-font-weight:var(--h2_typography-font-weight);--awb-caption-title-font-style:var(--h2_typography-font-style);--awb-caption-title-size:var(--h2_typography-font-size);--awb-caption-title-transform:var(--h2_typography-text-transform);--awb-caption-title-line-height:var(--h2_typography-line-height);--awb-caption-title-letter-spacing:var(--h2_typography-letter-spacing);\"><span class=\" fusion-imageframe imageframe-none imageframe-3 hover-type-none\"><img decoding=\"async\" width=\"95\" height=\"90\" title=\"picto-map\" src=\"https:\/\/grotte-de-trabuc.com\/wp-content\/uploads\/2021\/01\/picto-map.png\" alt class=\"img-responsive wp-image-7154\"\/><\/span><\/div><div class=\"fusion-text fusion-text-3\"><h2>Venir a la cueva<\/h2>\n<p>La Cueva de Trabuc se encuentra cerca d&#8217;Anduez (10mn), d&#8217;Al\u00e8s (20mn), y de N\u00eemes (50mn). El sitio tiene vistas al peque\u00f1o pueblo de Mialet, en el coraz\u00f3n de las C\u00e9vennes.<\/p>\n<p><a href=\"https:\/\/grotte-de-trabuc.com\/es\/venir-a-la-cueva\/\">Itinerario<\/a><\/p>\n<\/div><div class=\"fusion-clearfix\"><\/div><\/div><\/div><\/div><\/div><div class=\"fusion-fullwidth fullwidth-box fusion-builder-row-2 nonhundred-percent-fullwidth non-hundred-percent-height-scrolling\" style=\"--awb-border-radius-top-left:0px;--awb-border-radius-top-right:0px;--awb-border-radius-bottom-right:0px;--awb-border-radius-bottom-left:0px;--awb-flex-wrap:wrap;\" id=\"home_container_2\" ><div class=\"fusion-builder-row fusion-row\"><\/div><\/div><\/p>\n<span class=\"et_bloom_bottom_trigger\"><\/span>","protected":false},"excerpt":{"rendered":"","protected":false},"author":1,"featured_media":0,"parent":0,"menu_order":0,"comment_status":"closed","ping_status":"closed","template":"template-homepage.php","meta":{"_acf_changed":false,"inline_featured_image":false,"footnotes":""},"class_list":["post-453","page","type-page","status-publish","hentry"],"acf":[],"_links":{"self":[{"href":"https:\/\/grotte-de-trabuc.com\/es\/wp-json\/wp\/v2\/pages\/453","targetHints":{"allow":["GET"]}}],"collection":[{"href":"https:\/\/grotte-de-trabuc.com\/es\/wp-json\/wp\/v2\/pages"}],"about":[{"href":"https:\/\/grotte-de-trabuc.com\/es\/wp-json\/wp\/v2\/types\/page"}],"author":[{"embeddable":true,"href":"https:\/\/grotte-de-trabuc.com\/es\/wp-json\/wp\/v2\/users\/1"}],"replies":[{"embeddable":true,"href":"https:\/\/grotte-de-trabuc.com\/es\/wp-json\/wp\/v2\/comments?post=453"}],"version-history":[{"count":105,"href":"https:\/\/grotte-de-trabuc.com\/es\/wp-json\/wp\/v2\/pages\/453\/revisions"}],"predecessor-version":[{"id":14189,"href":"https:\/\/grotte-de-trabuc.com\/es\/wp-json\/wp\/v2\/pages\/453\/revisions\/14189"}],"wp:attachment":[{"href":"https:\/\/grotte-de-trabuc.com\/es\/wp-json\/wp\/v2\/media?parent=453"}],"curies":[{"name":"wp","href":"https:\/\/api.w.org\/{rel}","templated":true}]}}