{"id":462,"date":"2020-03-05T14:57:24","date_gmt":"2020-03-05T13:57:24","guid":{"rendered":"https:\/\/grotte-de-trabuc.com\/venir-au-gouffre\/"},"modified":"2021-05-03T15:51:15","modified_gmt":"2021-05-03T13:51:15","slug":"venir-a-la-cueva","status":"publish","type":"page","link":"https:\/\/grotte-de-trabuc.com\/es\/venir-a-la-cueva\/","title":{"rendered":"Venir a la Cueva"},"content":{"rendered":"<div class=\"fusion-fullwidth fullwidth-box fusion-builder-row-1 nonhundred-percent-fullwidth non-hundred-percent-height-scrolling\" style=\"--awb-border-radius-top-left:0px;--awb-border-radius-top-right:0px;--awb-border-radius-bottom-right:0px;--awb-border-radius-bottom-left:0px;--awb-flex-wrap:wrap;\" ><div class=\"fusion-builder-row fusion-row\"><div class=\"fusion-layout-column fusion_builder_column fusion-builder-column-0 fusion_builder_column_1_1 1_1 fusion-one-full fusion-column-first fusion-column-last\" style=\"--awb-bg-size:cover;\"><div class=\"fusion-column-wrapper fusion-column-has-shadow fusion-flex-column-wrapper-legacy\"><div class=\"fusion-builder-row fusion-builder-row-inner fusion-row\"><div class=\"fusion-layout-column fusion_builder_column_inner fusion-builder-nested-column-0 fusion_builder_column_inner_1_1 1_1 fusion-one-full fusion-column-first fusion-column-last\" style=\"--awb-bg-size:cover;\" id=\"map_wrapper\"><div class=\"fusion-column-wrapper fusion-column-has-shadow fusion-flex-column-wrapper-legacy\"><iframe src=\"https:\/\/www.google.com\/maps\/embed?pb=!1m18!1m12!1m3!1d2864.8151603247925!2d3.957245316191623!3d44.107805830931625!2m3!1f0!2f0!3f0!3m2!1i1024!2i768!4f13.1!3m3!1m2!1s0x12b46e9c85e5c079%3A0x7bea4322901d132c!2sGrotte%20de%20Trabuc!5e0!3m2!1sfr!2sfr!4v1610822592112!5m2!1sfr!2sfr\" width=\"100%\" height=\"500\" frameborder=\"0\" style=\"border:0;\" allowfullscreen=\"\" aria-hidden=\"false\" tabindex=\"0\"><\/iframe><div class=\"fusion-clearfix\"><\/div><\/div><\/div><\/div><div class=\"fusion-aligncenter\"><a class=\"fusion-button button-flat fusion-button-default-size button-default fusion-button-default button-1 fusion-button-default-span fusion-button-default-type btn btn-gotomap\" target=\"_blank\" rel=\"noopener noreferrer\" href=\"https:\/\/www.google.com\/maps\/place\/Grotte+de+Trabuc\/@44.1078058,3.9572453,17z\/data=!3m1!4b1!4m5!3m4!1s0x12b46e9c85e5c079:0x7bea4322901d132c!8m2!3d44.107802!4d3.959434\"><span class=\"fusion-button-text\">Abrir en Google Maps<\/span><\/a><\/div><div class=\"fusion-text fusion-text-1\"><h2>Situado<\/h2>\n<ul>\n<li>20 minutos d&#8217;Al\u00e8s<\/li>\n<li>50 minutos de N\u00eemes<\/li>\n<li>1h10 de Montpellier<\/li>\n<li>1h15 d&#8217;Avignon<\/li>\n<li>2h10 de Marseille<\/li>\n<li>2h40 de Lyon<\/li>\n<\/ul>\n<h2>Acceso<\/h2>\n<p>Viniendo de N\u00eemes, salida\u00a0 n\u00b05 direcci\u00f3n de Anduze.<\/p>\n<p>Viniendo de Anduze, tome la direcci\u00f3n de G\u00e9n\u00e9rargues y siga las se\u00f1ales con flechas \u00ab Grotte de Trabuc \u00bb , direcci\u00f3n Mialet.<\/p>\n<p>Viniendo de Al\u00e8s tomar la direcci\u00f3n Anduze o para un viaje pintoresco la D50 que pase por Saint Jean du Pin.<\/p>\n<p>Desde la cornisa de C\u00e9vennes, en Saint Jean du Gard, siga las indicaciones hacia Grotte de Trabuc, la Vall\u00e9e de Mialet.<\/p>\n<p>Desde la estaci\u00f3n de autobuses de Al\u00e8s, la l\u00ednea de autob\u00fas 81 se detiene en Luziers, a 2 km a pie desde la recepci\u00f3n del sitio.<\/p>\n<\/div><div class=\"fusion-clearfix\"><\/div><\/div><\/div><\/div><\/div>\n<span class=\"et_bloom_bottom_trigger\"><\/span>","protected":false},"excerpt":{"rendered":"","protected":false},"author":1,"featured_media":0,"parent":0,"menu_order":0,"comment_status":"closed","ping_status":"closed","template":"template-map.php","meta":{"_acf_changed":false,"inline_featured_image":false,"footnotes":""},"class_list":["post-462","page","type-page","status-publish","hentry"],"acf":[],"_links":{"self":[{"href":"https:\/\/grotte-de-trabuc.com\/es\/wp-json\/wp\/v2\/pages\/462","targetHints":{"allow":["GET"]}}],"collection":[{"href":"https:\/\/grotte-de-trabuc.com\/es\/wp-json\/wp\/v2\/pages"}],"about":[{"href":"https:\/\/grotte-de-trabuc.com\/es\/wp-json\/wp\/v2\/types\/page"}],"author":[{"embeddable":true,"href":"https:\/\/grotte-de-trabuc.com\/es\/wp-json\/wp\/v2\/users\/1"}],"replies":[{"embeddable":true,"href":"https:\/\/grotte-de-trabuc.com\/es\/wp-json\/wp\/v2\/comments?post=462"}],"version-history":[{"count":13,"href":"https:\/\/grotte-de-trabuc.com\/es\/wp-json\/wp\/v2\/pages\/462\/revisions"}],"predecessor-version":[{"id":7706,"href":"https:\/\/grotte-de-trabuc.com\/es\/wp-json\/wp\/v2\/pages\/462\/revisions\/7706"}],"wp:attachment":[{"href":"https:\/\/grotte-de-trabuc.com\/es\/wp-json\/wp\/v2\/media?parent=462"}],"curies":[{"name":"wp","href":"https:\/\/api.w.org\/{rel}","templated":true}]}}