{"id":747,"date":"2020-03-05T14:56:00","date_gmt":"2020-03-05T13:56:00","guid":{"rendered":"https:\/\/grotte-de-trabuc.com\/presse-3\/"},"modified":"2026-04-01T09:41:19","modified_gmt":"2026-04-01T07:41:19","slug":"agenda","status":"publish","type":"page","link":"https:\/\/grotte-de-trabuc.com\/es\/agenda\/","title":{"rendered":"Agenda"},"content":{"rendered":"<p><div class=\"fusion-fullwidth fullwidth-box fusion-builder-row-1 fusion-flex-container nonhundred-percent-fullwidth non-hundred-percent-height-scrolling\" style=\"--awb-border-radius-top-left:0px;--awb-border-radius-top-right:0px;--awb-border-radius-bottom-right:0px;--awb-border-radius-bottom-left:0px;--awb-flex-wrap:wrap;\" ><div class=\"fusion-builder-row fusion-row fusion-flex-align-items-flex-start fusion-flex-content-wrap\" style=\"max-width:1456px;margin-left: calc(-4% \/ 2 );margin-right: calc(-4% \/ 2 );\"><div class=\"fusion-layout-column fusion_builder_column fusion-builder-column-0 fusion_builder_column_1_2 1_2 fusion-flex-column\" style=\"--awb-bg-size:cover;--awb-width-large:50%;--awb-margin-top-large:0px;--awb-spacing-right-large:3.84%;--awb-margin-bottom-large:20px;--awb-spacing-left-large:3.84%;--awb-width-medium:100%;--awb-order-medium:0;--awb-spacing-right-medium:1.92%;--awb-spacing-left-medium:1.92%;--awb-width-small:100%;--awb-order-small:0;--awb-spacing-right-small:1.92%;--awb-spacing-left-small:1.92%;\"><div class=\"fusion-column-wrapper fusion-column-has-shadow fusion-flex-justify-content-flex-start fusion-content-layout-column\"><div class=\"fusion-text fusion-text-1\"><h2 style=\"text-align: center;\">Este mes<\/h2>\n<\/div><div class=\"fusion-text fusion-text-2\" style=\"--awb-text-transform:none;\"><ul>\n<li>Del 1 de abril de 2026 al 30 de abril de 2026: la cueva de Trabuc estar\u00e1 abierta de 10:00 a 18:00 (\u00faltima salida a las 17:00). Visitas con audiogu\u00eda<\/li>\n<\/ul>\n<p><strong>Actividades complementarias<\/strong><\/p>\n<ul>\n<li style=\"list-style-type: none;\">\n<ul>\n<li style=\"list-style-type: none;\">\n<ul>\n<li>El 05\/04\/2026 a las 18:30: <a href=\"https:\/\/grotte-de-trabuc.com\/es\/activites\/la-doble-visita\/\">Visita doble<\/a><\/li>\n<li>El 05\/04\/2026 a las 10:00: <a href=\"https:\/\/grotte-de-trabuc.com\/es\/chasse-aux-oeufs-de-paques-2026-es\/\">B\u00fasqueda de huevos de Pascua<\/a><\/li>\n<li>El 06\/04\/2026 a las 10:00: <a href=\"https:\/\/grotte-de-trabuc.com\/es\/chasse-aux-oeufs-de-paques-2026-es\/\">B\u00fasqueda de huevos de Pascua<\/a><\/li>\n<li>El 08\/04\/2026 a las 14:30: Taller del peque\u00f1o ge\u00f3logo.<\/li>\n<li>El 15\/04\/2026 a las 14:30: Taller del peque\u00f1o ge\u00f3logo.<\/li>\n<li>El 15\/04\/2026 a las 18:30: <a href=\"https:\/\/grotte-de-trabuc.com\/es\/activites\/la-doble-visita\/\">Visita doble<\/a><\/li>\n<li>El 22\/04\/2026 a las 18:30: <a href=\"https:\/\/grotte-de-trabuc.com\/es\/activites\/la-doble-visita\/\">Visita doble<\/a><\/li>\n<li>El 22\/04\/2026 a las 14:30: Taller del peque\u00f1o ge\u00f3logo<\/li>\n<li>El 29\/04\/2026 a las 14:30: Taller del peque\u00f1o ge\u00f3logo<\/li>\n<\/ul>\n<\/li>\n<\/ul>\n<\/li>\n<\/ul>\n<\/div><\/div><\/div><div class=\"fusion-layout-column fusion_builder_column fusion-builder-column-1 fusion_builder_column_1_2 1_2 fusion-flex-column\" style=\"--awb-bg-size:cover;--awb-width-large:50%;--awb-margin-top-large:0px;--awb-spacing-right-large:3.84%;--awb-margin-bottom-large:20px;--awb-spacing-left-large:3.84%;--awb-width-medium:100%;--awb-order-medium:0;--awb-spacing-right-medium:1.92%;--awb-spacing-left-medium:1.92%;--awb-width-small:100%;--awb-order-small:0;--awb-spacing-right-small:1.92%;--awb-spacing-left-small:1.92%;\"><div class=\"fusion-column-wrapper fusion-column-has-shadow fusion-flex-justify-content-flex-start fusion-content-layout-column\"><div class=\"fusion-text fusion-text-3\"><h2 style=\"text-align: center;\">Pr\u00f3ximamente<\/h2>\n<\/div><div class=\"fusion-text fusion-text-4\" style=\"--awb-text-transform:none;\"><p>Del 1 de mayo de 2026 al 31 de mayode 2026: la cueva de Trabuc estar\u00e1 abierta de 10:00 a 18:30 (\u00faltima salida a las 17:30). Visitas con audiogu\u00eda<\/p>\n<p><strong>Actividades complementarias<\/strong><\/p>\n<ul>\n<li>El 02\/05\/2026 a las 18:30: <a href=\"https:\/\/grotte-de-trabuc.com\/es\/activites\/la-doble-visita\/\">Visita doble<\/a><\/li>\n<li>El 09\/05\/2026 a las 18:30: <a href=\"https:\/\/grotte-de-trabuc.com\/es\/activites\/la-doble-visita\/\">Visita doble<\/a><\/li>\n<li>El 15\/05\/2026 a las 18:30: <a href=\"https:\/\/grotte-de-trabuc.com\/es\/activites\/la-doble-visita\/\">Visita doble<\/a><\/li>\n<li>El 16\/05\/2026 a las 18:30: <a href=\"https:\/\/grotte-de-trabuc.com\/es\/activites\/la-doble-visita\/\">Visita doble<\/a><\/li>\n<li>El 23\/05\/2026 a las 18:30: <a href=\"https:\/\/grotte-de-trabuc.com\/es\/activites\/la-doble-visita\/\">Visita doble<\/a><\/li>\n<li>El 24\/05\/2026 a las 18:30: <a href=\"https:\/\/grotte-de-trabuc.com\/es\/activites\/la-doble-visita\/\">Visita doble<\/a><\/li>\n<\/ul>\n<\/div><\/div><\/div><\/div><\/div><div class=\"fusion-fullwidth fullwidth-box fusion-builder-row-2 fusion-flex-container nonhundred-percent-fullwidth non-hundred-percent-height-scrolling\" style=\"--awb-border-radius-top-left:0px;--awb-border-radius-top-right:0px;--awb-border-radius-bottom-right:0px;--awb-border-radius-bottom-left:0px;--awb-flex-wrap:wrap;\" ><div class=\"fusion-builder-row fusion-row fusion-flex-align-items-flex-start fusion-flex-content-wrap\" style=\"max-width:1456px;margin-left: calc(-4% \/ 2 );margin-right: calc(-4% \/ 2 );\"><div class=\"fusion-layout-column fusion_builder_column fusion-builder-column-2 fusion_builder_column_1_2 1_2 fusion-flex-column\" style=\"--awb-bg-size:cover;--awb-width-large:50%;--awb-margin-top-large:0px;--awb-spacing-right-large:3.84%;--awb-margin-bottom-large:20px;--awb-spacing-left-large:3.84%;--awb-width-medium:100%;--awb-order-medium:0;--awb-spacing-right-medium:1.92%;--awb-spacing-left-medium:1.92%;--awb-width-small:100%;--awb-order-small:0;--awb-spacing-right-small:1.92%;--awb-spacing-left-small:1.92%;\"><div class=\"fusion-column-wrapper fusion-column-has-shadow fusion-flex-justify-content-flex-start fusion-content-layout-column\"><div style=\"text-align:center;\"><a class=\"fusion-button button-flat fusion-button-default-size button-default fusion-button-default button-1 fusion-button-default-span fusion-button-default-type\" target=\"_self\" href=\"https:\/\/grotte-de-trabuc.com\/es\/activites\/visita-la-cueva\/\"><span class=\"fusion-button-text\">La visita<\/span><\/a><\/div><\/div><\/div><div class=\"fusion-layout-column fusion_builder_column fusion-builder-column-3 fusion_builder_column_1_2 1_2 fusion-flex-column\" style=\"--awb-bg-size:cover;--awb-width-large:50%;--awb-margin-top-large:0px;--awb-spacing-right-large:3.84%;--awb-margin-bottom-large:20px;--awb-spacing-left-large:3.84%;--awb-width-medium:100%;--awb-order-medium:0;--awb-spacing-right-medium:1.92%;--awb-spacing-left-medium:1.92%;--awb-width-small:100%;--awb-order-small:0;--awb-spacing-right-small:1.92%;--awb-spacing-left-small:1.92%;\"><div class=\"fusion-column-wrapper fusion-column-has-shadow fusion-flex-justify-content-flex-start fusion-content-layout-column\"><div style=\"text-align:center;\"><a class=\"fusion-button button-flat fusion-button-default-size button-default fusion-button-default button-2 fusion-button-default-span fusion-button-default-type\" target=\"_self\" href=\"https:\/\/grotte-de-trabuc.com\/es\/activites\/la-doble-visita\/\"><span class=\"fusion-button-text\">La doble visita<\/span><\/a><\/div><\/div><\/div><\/div><\/div><div class=\"fusion-fullwidth fullwidth-box fusion-builder-row-3 fusion-flex-container nonhundred-percent-fullwidth non-hundred-percent-height-scrolling\" style=\"--awb-border-radius-top-left:0px;--awb-border-radius-top-right:0px;--awb-border-radius-bottom-right:0px;--awb-border-radius-bottom-left:0px;--awb-flex-wrap:wrap;\" ><div class=\"fusion-builder-row fusion-row fusion-flex-align-items-flex-start fusion-flex-content-wrap\" style=\"max-width:1456px;margin-left: calc(-4% \/ 2 );margin-right: calc(-4% \/ 2 );\"><div class=\"fusion-layout-column fusion_builder_column fusion-builder-column-4 fusion_builder_column_1_2 1_2 fusion-flex-column\" style=\"--awb-bg-size:cover;--awb-width-large:50%;--awb-margin-top-large:0px;--awb-spacing-right-large:3.84%;--awb-margin-bottom-large:20px;--awb-spacing-left-large:3.84%;--awb-width-medium:100%;--awb-order-medium:0;--awb-spacing-right-medium:1.92%;--awb-spacing-left-medium:1.92%;--awb-width-small:100%;--awb-order-small:0;--awb-spacing-right-small:1.92%;--awb-spacing-left-small:1.92%;\"><div class=\"fusion-column-wrapper fusion-column-has-shadow fusion-flex-justify-content-flex-start fusion-content-layout-column\"><div class=\"fusion-image-element \" style=\"text-align:center;--awb-aspect-ratio:2 \/ 1;--awb-caption-title-font-family:var(--h2_typography-font-family);--awb-caption-title-font-weight:var(--h2_typography-font-weight);--awb-caption-title-font-style:var(--h2_typography-font-style);--awb-caption-title-size:var(--h2_typography-font-size);--awb-caption-title-transform:var(--h2_typography-text-transform);--awb-caption-title-line-height:var(--h2_typography-line-height);--awb-caption-title-letter-spacing:var(--h2_typography-letter-spacing);\"><span class=\" fusion-imageframe imageframe-none imageframe-1 hover-type-none has-aspect-ratio\"><img decoding=\"async\" width=\"1024\" height=\"683\" title=\"trabuc-4123\" src=\"https:\/\/grotte-de-trabuc.com\/wp-content\/uploads\/2020\/01\/trabuc-4123-1024x683.jpg\" class=\"img-responsive wp-image-9403 img-with-aspect-ratio\" alt srcset=\"https:\/\/grotte-de-trabuc.com\/wp-content\/uploads\/2020\/01\/trabuc-4123-200x133.jpg 200w, https:\/\/grotte-de-trabuc.com\/wp-content\/uploads\/2020\/01\/trabuc-4123-400x267.jpg 400w, https:\/\/grotte-de-trabuc.com\/wp-content\/uploads\/2020\/01\/trabuc-4123-600x400.jpg 600w, https:\/\/grotte-de-trabuc.com\/wp-content\/uploads\/2020\/01\/trabuc-4123-800x534.jpg 800w, https:\/\/grotte-de-trabuc.com\/wp-content\/uploads\/2020\/01\/trabuc-4123-1200x801.jpg 1200w\" sizes=\"(max-width: 1024px) 100vw, (max-width: 640px) 100vw, 800px\" \/><\/span><\/div><\/div><\/div><div class=\"fusion-layout-column fusion_builder_column fusion-builder-column-5 fusion_builder_column_1_2 1_2 fusion-flex-column\" style=\"--awb-bg-size:cover;--awb-width-large:50%;--awb-margin-top-large:0px;--awb-spacing-right-large:3.84%;--awb-margin-bottom-large:20px;--awb-spacing-left-large:3.84%;--awb-width-medium:100%;--awb-order-medium:0;--awb-spacing-right-medium:1.92%;--awb-spacing-left-medium:1.92%;--awb-width-small:100%;--awb-order-small:0;--awb-spacing-right-small:1.92%;--awb-spacing-left-small:1.92%;\"><div class=\"fusion-column-wrapper fusion-column-has-shadow fusion-flex-justify-content-flex-start fusion-content-layout-column\"><div class=\"fusion-image-element \" style=\"text-align:center;--awb-aspect-ratio:2 \/ 1;--awb-caption-title-font-family:var(--h2_typography-font-family);--awb-caption-title-font-weight:var(--h2_typography-font-weight);--awb-caption-title-font-style:var(--h2_typography-font-style);--awb-caption-title-size:var(--h2_typography-font-size);--awb-caption-title-transform:var(--h2_typography-text-transform);--awb-caption-title-line-height:var(--h2_typography-line-height);--awb-caption-title-letter-spacing:var(--h2_typography-letter-spacing);\"><span class=\" fusion-imageframe imageframe-none imageframe-2 hover-type-none has-aspect-ratio\"><img decoding=\"async\" width=\"300\" height=\"200\" title=\"@ Philippe Crochet &#8211; 2021 -SP 21-0441\" src=\"https:\/\/grotte-de-trabuc.com\/wp-content\/uploads\/2020\/01\/@-Philippe-Crochet-2021-SP-21-0441-1-300x200.jpg\" class=\"img-responsive wp-image-9038 img-with-aspect-ratio\" alt srcset=\"https:\/\/grotte-de-trabuc.com\/wp-content\/uploads\/2020\/01\/@-Philippe-Crochet-2021-SP-21-0441-1-200x133.jpg 200w, https:\/\/grotte-de-trabuc.com\/wp-content\/uploads\/2020\/01\/@-Philippe-Crochet-2021-SP-21-0441-1-400x267.jpg 400w, https:\/\/grotte-de-trabuc.com\/wp-content\/uploads\/2020\/01\/@-Philippe-Crochet-2021-SP-21-0441-1-600x400.jpg 600w, https:\/\/grotte-de-trabuc.com\/wp-content\/uploads\/2020\/01\/@-Philippe-Crochet-2021-SP-21-0441-1-800x533.jpg 800w, https:\/\/grotte-de-trabuc.com\/wp-content\/uploads\/2020\/01\/@-Philippe-Crochet-2021-SP-21-0441-1-1200x800.jpg 1200w\" sizes=\"(max-width: 1024px) 100vw, (max-width: 640px) 100vw, 800px\" \/><\/span><\/div><\/div><\/div><\/div><\/div><div class=\"fusion-fullwidth fullwidth-box fusion-builder-row-4 fusion-flex-container nonhundred-percent-fullwidth non-hundred-percent-height-scrolling\" style=\"--awb-border-radius-top-left:0px;--awb-border-radius-top-right:0px;--awb-border-radius-bottom-right:0px;--awb-border-radius-bottom-left:0px;--awb-flex-wrap:wrap;\" ><div class=\"fusion-builder-row fusion-row fusion-flex-align-items-flex-start fusion-flex-content-wrap\" style=\"max-width:1456px;margin-left: calc(-4% \/ 2 );margin-right: calc(-4% \/ 2 );\"><div class=\"fusion-layout-column fusion_builder_column fusion-builder-column-6 fusion_builder_column_1_1 1_1 fusion-flex-column\" style=\"--awb-bg-size:cover;--awb-width-large:100%;--awb-margin-top-large:0px;--awb-spacing-right-large:1.92%;--awb-margin-bottom-large:20px;--awb-spacing-left-large:1.92%;--awb-width-medium:100%;--awb-order-medium:0;--awb-spacing-right-medium:1.92%;--awb-spacing-left-medium:1.92%;--awb-width-small:100%;--awb-order-small:0;--awb-spacing-right-small:1.92%;--awb-spacing-left-small:1.92%;\"><div class=\"fusion-column-wrapper fusion-column-has-shadow fusion-flex-justify-content-flex-start fusion-content-layout-column\"><div style=\"text-align:center;\"><a class=\"fusion-button button-flat fusion-button-default-size button-default fusion-button-default button-3 fusion-button-default-span fusion-button-default-type\" target=\"_self\" href=\"https:\/\/grotte-de-trabuc.com\/es\/tarifas-taquilla\/\"><span class=\"fusion-button-text\">Acc\u00e9der \u00e0 la r\u00e9servation<\/span><\/a><\/div><\/div><\/div><\/div><\/div><\/p>\n<span class=\"et_bloom_bottom_trigger\"><\/span>","protected":false},"excerpt":{"rendered":"","protected":false},"author":3,"featured_media":0,"parent":0,"menu_order":0,"comment_status":"closed","ping_status":"closed","template":"template-dossier-presse.php","meta":{"_acf_changed":false,"inline_featured_image":false,"footnotes":""},"class_list":["post-747","page","type-page","status-publish","hentry"],"acf":[],"_links":{"self":[{"href":"https:\/\/grotte-de-trabuc.com\/es\/wp-json\/wp\/v2\/pages\/747","targetHints":{"allow":["GET"]}}],"collection":[{"href":"https:\/\/grotte-de-trabuc.com\/es\/wp-json\/wp\/v2\/pages"}],"about":[{"href":"https:\/\/grotte-de-trabuc.com\/es\/wp-json\/wp\/v2\/types\/page"}],"author":[{"embeddable":true,"href":"https:\/\/grotte-de-trabuc.com\/es\/wp-json\/wp\/v2\/users\/3"}],"replies":[{"embeddable":true,"href":"https:\/\/grotte-de-trabuc.com\/es\/wp-json\/wp\/v2\/comments?post=747"}],"version-history":[{"count":168,"href":"https:\/\/grotte-de-trabuc.com\/es\/wp-json\/wp\/v2\/pages\/747\/revisions"}],"predecessor-version":[{"id":14219,"href":"https:\/\/grotte-de-trabuc.com\/es\/wp-json\/wp\/v2\/pages\/747\/revisions\/14219"}],"wp:attachment":[{"href":"https:\/\/grotte-de-trabuc.com\/es\/wp-json\/wp\/v2\/media?parent=747"}],"curies":[{"name":"wp","href":"https:\/\/api.w.org\/{rel}","templated":true}]}}