{"id":8061,"date":"2021-02-10T10:12:53","date_gmt":"2021-02-10T09:12:53","guid":{"rendered":"https:\/\/grotte-de-trabuc.com\/coupons-de-reduction-et-partenariats\/"},"modified":"2024-02-13T16:04:33","modified_gmt":"2024-02-13T15:04:33","slug":"coupons-de-reduction-et-partenariats","status":"publish","type":"page","link":"https:\/\/grotte-de-trabuc.com\/es\/coupons-de-reduction-et-partenariats\/","title":{"rendered":"Coupons de r\u00e9duction et partenariats"},"content":{"rendered":"<p>Pour b\u00e9n\u00e9ficier des tarifs pr\u00e9f\u00e9rentiels via la r\u00e9servation en ligne, vous devez vous assurer de disposer de l&#8217;une des offres de r\u00e9ductions ci-dessous, en cours de validit\u00e9. Le jour de votre visite, un justificatif vous sera demand\u00e9 afin de valider votre r\u00e9servation et l&#8217;application du tarif pr\u00e9f\u00e9rentiel . Si aucun justificatif n&#8217;est pr\u00e9sent\u00e9, un compl\u00e9ment vous sera demand\u00e9 pour acc\u00e9der au site.<\/p>\n<p>La r\u00e9duction est valable pour le porteur de la carte et sa famille, dans la limite de 6 personnes.<\/p>\n<p><strong><u>Coupons de r\u00e9duction<\/u><\/strong><\/p>\n<ul>\n<li data-canvas-width=\"590.2719999999996\"><strong>Visite Passion<\/strong><\/li>\n<li data-canvas-width=\"590.2719999999996\"><strong>Conso facile<\/strong><\/li>\n<li data-canvas-width=\"590.2719999999996\"><strong>Reducavenue<\/strong><\/li>\n<\/ul>\n<p><strong><u>Partenariats R\u00e9seaux Touristiques<\/u><\/strong><\/p>\n<ul>\n<li><strong>G\u00eete de France \u2013 Pass Loisirs<\/strong><\/li>\n<li><strong>Club des Sites Touristiques \u2013 Offre Ticket Malin<\/strong>\u00a0(sur pr\u00e9sentation du ticket du club participant)<\/li>\n<li><strong>Sites d\u2019Exception<\/strong>\u00a0du Languedoc Guide Pass 2024 (sur pr\u00e9sentation du guide 2024)<\/li>\n<li><strong>Guide du Routard<\/strong><\/li>\n<\/ul>\n<p><strong><u>Partenariats Offices du Tourisme<\/u><\/strong><\/p>\n<ul>\n<li><strong>Carte Pass C\u00e8ze-C\u00e9vennes<\/strong><\/li>\n<li><strong>Pass UP d\u00e9couvertes Pays d\u2019Uzes Pont du Gard<\/strong><\/li>\n<li><strong>Pass C\u00e9vennes +<\/strong><\/li>\n<\/ul>\n<div data-canvas-width=\"157.22666666666666\">\n<div data-canvas-width=\"26.238666666666667\"><strong><u>Partenariats Autres<\/u><\/strong><\/div>\n<\/div>\n<div data-canvas-width=\"93.03066666666666\">\n<ul>\n<li><strong>Carte Privil\u00e8ge<\/strong> (fournie par les h\u00e9bergeurs partenaires (campings, g\u00eetes, h\u00f4tels\u2026.))<\/li>\n<\/ul>\n<\/div>\n<span class=\"et_bloom_bottom_trigger\"><\/span>","protected":false},"excerpt":{"rendered":"<p>Pour b\u00e9n\u00e9ficier des tarifs pr\u00e9f\u00e9rentiels via la r\u00e9servation en ligne,  [&#8230;]<\/p>\n","protected":false},"author":3,"featured_media":0,"parent":0,"menu_order":0,"comment_status":"closed","ping_status":"closed","template":"","meta":{"_acf_changed":false,"inline_featured_image":false,"footnotes":""},"class_list":["post-8061","page","type-page","status-publish","hentry"],"acf":[],"_links":{"self":[{"href":"https:\/\/grotte-de-trabuc.com\/es\/wp-json\/wp\/v2\/pages\/8061","targetHints":{"allow":["GET"]}}],"collection":[{"href":"https:\/\/grotte-de-trabuc.com\/es\/wp-json\/wp\/v2\/pages"}],"about":[{"href":"https:\/\/grotte-de-trabuc.com\/es\/wp-json\/wp\/v2\/types\/page"}],"author":[{"embeddable":true,"href":"https:\/\/grotte-de-trabuc.com\/es\/wp-json\/wp\/v2\/users\/3"}],"replies":[{"embeddable":true,"href":"https:\/\/grotte-de-trabuc.com\/es\/wp-json\/wp\/v2\/comments?post=8061"}],"version-history":[{"count":13,"href":"https:\/\/grotte-de-trabuc.com\/es\/wp-json\/wp\/v2\/pages\/8061\/revisions"}],"predecessor-version":[{"id":12124,"href":"https:\/\/grotte-de-trabuc.com\/es\/wp-json\/wp\/v2\/pages\/8061\/revisions\/12124"}],"wp:attachment":[{"href":"https:\/\/grotte-de-trabuc.com\/es\/wp-json\/wp\/v2\/media?parent=8061"}],"curies":[{"name":"wp","href":"https:\/\/api.w.org\/{rel}","templated":true}]}}