{"id":8998,"date":"2020-06-05T13:17:37","date_gmt":"2020-06-05T11:17:37","guid":{"rendered":"https:\/\/grotte-de-trabuc.com\/socios\/"},"modified":"2021-05-14T12:07:35","modified_gmt":"2021-05-14T10:07:35","slug":"conservation-et-protection-du-site","status":"publish","type":"page","link":"https:\/\/grotte-de-trabuc.com\/es\/conservation-et-protection-du-site\/","title":{"rendered":"Conservation et protection du site"},"content":{"rendered":"<div class=\"fusion-fullwidth fullwidth-box fusion-builder-row-1 nonhundred-percent-fullwidth non-hundred-percent-height-scrolling\" style=\"--awb-border-radius-top-left:0px;--awb-border-radius-top-right:0px;--awb-border-radius-bottom-right:0px;--awb-border-radius-bottom-left:0px;--awb-flex-wrap:wrap;\" ><div class=\"fusion-builder-row fusion-row\"><div class=\"fusion-layout-column fusion_builder_column fusion-builder-column-0 fusion_builder_column_1_1 1_1 fusion-one-full fusion-column-first fusion-column-last\" style=\"--awb-bg-size:cover;\"><div class=\"fusion-column-wrapper fusion-column-has-shadow fusion-flex-column-wrapper-legacy\"><div class=\"fusion-text fusion-text-1\"><p>Dans un objectif de valorisation du monde souterrain, la protection et la conservation de la Grotte de Trabuc sont au c\u0153ur de nos pr\u00e9occupations. Il est donc essentiel pour nous d&#8217;avoir une gestion responsable et contr\u00f4l\u00e9e dans l&#8217;am\u00e9nagement du site et son acc\u00e8s au grand public.\u00a0Notre objectif est de prot\u00e9ger ce tr\u00e9sor souterrain, tout en conciliant, viabilit\u00e9 \u00e9conomique, valorisation du patrimoine et d\u00e9veloppement du tissu \u00e9conomique local.<\/p>\n<\/div><div class=\"fusion-clearfix\"><\/div><\/div><\/div><div class=\"fusion-layout-column fusion_builder_column fusion-builder-column-1 fusion_builder_column_1_1 1_1 fusion-one-full fusion-column-first fusion-column-last\" style=\"--awb-bg-size:cover;\"><div class=\"fusion-column-wrapper fusion-column-has-shadow fusion-flex-column-wrapper-legacy\"><div class=\"fusion-text fusion-text-2\"><p><strong>R\u00e9flexion sur l&#8217;\u00e9clairage<\/strong><\/p>\n<ul>\n<li>L&#8217;am\u00e9nagement des pistes respecte les paysages souterrains,<\/li>\n<li>L&#8217;utilisation d&#8217;\u00e9clairage interactif, gr\u00e2ce aux d\u00e9tecteurs de pr\u00e9sence, permet de conserver au maximum l&#8217;obscurit\u00e9,<\/li>\n<li>L&#8217;utilisation d&#8217;\u00e9clairage LED emp\u00eache la diffusion de chaleur et donc le dess\u00e8chement acc\u00e9l\u00e9r\u00e9 des cristaux et leur oxydation,<\/li>\n<li>Le temps d&#8217;\u00e9clairage est maitris\u00e9, ce qui permet de limiter le d\u00e9veloppement des mousses li\u00e9 \u00e0 la photosynth\u00e8se.<\/li>\n<\/ul>\n<\/div><div class=\"fusion-clearfix\"><\/div><\/div><\/div><div class=\"fusion-layout-column fusion_builder_column fusion-builder-column-2 fusion_builder_column_2_3 2_3 fusion-two-third fusion-column-first\" style=\"--awb-bg-size:cover;width:66.666666666667%;width:calc(66.666666666667% - ( ( 4% ) * 0.66666666666667 ) );margin-right: 4%;\"><div class=\"fusion-column-wrapper fusion-column-has-shadow fusion-flex-column-wrapper-legacy\"><div class=\"fusion-text fusion-text-3\"><p><strong>Respect de l&#8217;\u00e9volution naturelle de la grotte<\/strong><\/p>\n<p>La grotte est un milieu stable, \u00e0 hygrom\u00e9trie \u00e9lev\u00e9e (95%) et temp\u00e9rature constante 14\u00b0C, nous devons veiller \u00e0 ce que la pr\u00e9sence humaine affecte le moins possible son \u00e9volution.<\/p>\n<p>La circulation de l&#8217;eau et de l\u2019air dans la grotte sont vitales, \u00e0 la fois pour la pr\u00e9servation min\u00e9rale du site, et pour le renouvellement de nos r\u00e9serves d&#8217;eau potable.<\/p>\n<ul>\n<li>Ma\u00eetrise de la distribution en eau de consommation courante sur le site, et surveillance de l\u2019impact sur les r\u00e9serves des nappes souterraines,<\/li>\n<li>Vigilance du taux d\u2019hygrom\u00e9trie dans la grotte pour y garder les \u00e9quilibres,<\/li>\n<li>Limitation du nombre de visiteurs en \u00e9t\u00e9, pour \u00e9viter les d\u00e9sagr\u00e9ments de la sur-fr\u00e9quentation, et l\u2019augmentation des taux de CO2 dans l\u2019air.<\/li>\n<\/ul>\n<p>A savoir que, les 2 ouvertures principales aux extr\u00e9mit\u00e9s des galeries agissent naturellement sur le renouvellement de l\u2019air.<\/p>\n<\/div><div class=\"fusion-clearfix\"><\/div><\/div><\/div><div class=\"fusion-layout-column fusion_builder_column fusion-builder-column-3 fusion_builder_column_1_3 1_3 fusion-one-third fusion-column-last\" style=\"--awb-bg-size:cover;width:33.333333333333%;width:calc(33.333333333333% - ( ( 4% ) * 0.33333333333333 ) );\"><div class=\"fusion-column-wrapper fusion-column-has-shadow fusion-flex-column-wrapper-legacy\"><div class=\"fusion-image-element in-legacy-container\" style=\"--awb-caption-title-font-family:var(--h2_typography-font-family);--awb-caption-title-font-weight:var(--h2_typography-font-weight);--awb-caption-title-font-style:var(--h2_typography-font-style);--awb-caption-title-size:var(--h2_typography-font-size);--awb-caption-title-transform:var(--h2_typography-text-transform);--awb-caption-title-line-height:var(--h2_typography-line-height);--awb-caption-title-letter-spacing:var(--h2_typography-letter-spacing);\"><span class=\" fusion-imageframe imageframe-none imageframe-1 hover-type-none\"><img decoding=\"async\" width=\"1707\" height=\"2560\" title=\"@ Philippe Crochet &#8211; 2021 -SP 21-0536\" src=\"https:\/\/grotte-de-trabuc.com\/wp-content\/uploads\/2021\/05\/@-Philippe-Crochet-2021-SP-21-0536-scaled.jpg\" alt class=\"img-responsive wp-image-9490\" srcset=\"https:\/\/grotte-de-trabuc.com\/wp-content\/uploads\/2021\/05\/@-Philippe-Crochet-2021-SP-21-0536-200x300.jpg 200w, https:\/\/grotte-de-trabuc.com\/wp-content\/uploads\/2021\/05\/@-Philippe-Crochet-2021-SP-21-0536-400x600.jpg 400w, https:\/\/grotte-de-trabuc.com\/wp-content\/uploads\/2021\/05\/@-Philippe-Crochet-2021-SP-21-0536-600x900.jpg 600w, https:\/\/grotte-de-trabuc.com\/wp-content\/uploads\/2021\/05\/@-Philippe-Crochet-2021-SP-21-0536-800x1200.jpg 800w, https:\/\/grotte-de-trabuc.com\/wp-content\/uploads\/2021\/05\/@-Philippe-Crochet-2021-SP-21-0536-1200x1800.jpg 1200w, https:\/\/grotte-de-trabuc.com\/wp-content\/uploads\/2021\/05\/@-Philippe-Crochet-2021-SP-21-0536-scaled.jpg 1707w\" sizes=\"(max-width: 800px) 100vw, 600px\" \/><\/span><\/div><div class=\"fusion-clearfix\"><\/div><\/div><\/div><div class=\"fusion-layout-column fusion_builder_column fusion-builder-column-4 fusion_builder_column_1_1 1_1 fusion-one-full fusion-column-first fusion-column-last\" style=\"--awb-bg-size:cover;\"><div class=\"fusion-column-wrapper fusion-column-has-shadow fusion-flex-column-wrapper-legacy\"><div class=\"fusion-text fusion-text-4\"><p><strong>Sensibilisation de la client\u00e8le<\/strong><\/p>\n<ul>\n<li>Incitation au tri des d\u00e9chets,<\/li>\n<li>Diminution de la quantit\u00e9 de documentation papier \u00e0 disposition,<\/li>\n<li>Proposition de produits locaux et fran\u00e7ais dans notre boutique (la poterie d&#8217;Anduze, les vins de Massillargues-Attuech, les jeux BIOVIVA&#8230;),<\/li>\n<li>Valorisation de la destination C\u00e9vennes (Vall\u00e9e de Mialet, Histoire des Camisards&#8230;) pour initier \u00e0 une &#8220;consommation touristique&#8221; plus respectueuse de l&#8217;environnement, du Gardon et ses eaux claires, des sentiers de balades et des riverains,<\/li>\n<li>Dans la vall\u00e9e, certaines esp\u00e8ces v\u00e9g\u00e9tales et animales, sont prot\u00e9g\u00e9es par le classement Natura 2000.<\/li>\n<\/ul>\n<\/div><div class=\"fusion-clearfix\"><\/div><\/div><\/div><div class=\"fusion-layout-column fusion_builder_column fusion-builder-column-5 fusion_builder_column_2_3 2_3 fusion-two-third fusion-column-first\" style=\"--awb-bg-size:cover;width:66.666666666667%;width:calc(66.666666666667% - ( ( 4% ) * 0.66666666666667 ) );margin-right: 4%;\"><div class=\"fusion-column-wrapper fusion-column-has-shadow fusion-flex-column-wrapper-legacy\"><div class=\"fusion-text fusion-text-5\"><p><strong>Labellisation &#8220;Esprit Parc National des C\u00e9vennes&#8221;<\/strong><\/p>\n<p>En 2019, la Grotte de Trabuc est labellis\u00e9e <a href=\"https:\/\/www.espritparcnational.com\/destination-parc-national\/cevennes\" target=\"_blank\" rel=\"noopener noreferrer\">Esprit Parc National des C\u00e9vennes<\/a>. Ce label vient r\u00e9compenser les d\u00e9marches mises en \u0153uvre en mati\u00e8re de d\u00e9veloppement responsable et durable : \u00e9clairage basse consommation, ventes de produits locaux, partenariats avec des entreprises et h\u00e9bergeurs de proximit\u00e9&#8230; De nombreuses initiatives pr\u00f4nant le tourisme durable.<\/p>\n<\/div><div class=\"fusion-clearfix\"><\/div><\/div><\/div><div class=\"fusion-layout-column fusion_builder_column fusion-builder-column-6 fusion_builder_column_1_3 1_3 fusion-one-third fusion-column-last\" style=\"--awb-bg-size:cover;width:33.333333333333%;width:calc(33.333333333333% - ( ( 4% ) * 0.33333333333333 ) );\"><div class=\"fusion-column-wrapper fusion-column-has-shadow fusion-flex-column-wrapper-legacy\"><div class=\"fusion-image-element in-legacy-container\" style=\"--awb-caption-title-font-family:var(--h2_typography-font-family);--awb-caption-title-font-weight:var(--h2_typography-font-weight);--awb-caption-title-font-style:var(--h2_typography-font-style);--awb-caption-title-size:var(--h2_typography-font-size);--awb-caption-title-transform:var(--h2_typography-text-transform);--awb-caption-title-line-height:var(--h2_typography-line-height);--awb-caption-title-letter-spacing:var(--h2_typography-letter-spacing);\"><span class=\" fusion-imageframe imageframe-none imageframe-2 hover-type-none\"><img decoding=\"async\" width=\"300\" height=\"159\" title=\"Logo_Esprit_Parc_National_C\u00e9vennes\" src=\"https:\/\/grotte-de-trabuc.com\/wp-content\/uploads\/2021\/04\/Logo_Esprit_Parc_National_Cevennes-300x159.png\" alt class=\"img-responsive wp-image-9193\" srcset=\"https:\/\/grotte-de-trabuc.com\/wp-content\/uploads\/2021\/04\/Logo_Esprit_Parc_National_Cevennes-200x106.png 200w, https:\/\/grotte-de-trabuc.com\/wp-content\/uploads\/2021\/04\/Logo_Esprit_Parc_National_Cevennes-400x212.png 400w, https:\/\/grotte-de-trabuc.com\/wp-content\/uploads\/2021\/04\/Logo_Esprit_Parc_National_Cevennes.png 416w\" sizes=\"(max-width: 800px) 100vw, 300px\" \/><\/span><\/div><div class=\"fusion-clearfix\"><\/div><\/div><\/div><div class=\"fusion-layout-column fusion_builder_column fusion-builder-column-7 fusion_builder_column_1_1 1_1 fusion-one-full fusion-column-first fusion-column-last\" style=\"--awb-bg-size:cover;\"><div class=\"fusion-column-wrapper fusion-column-has-shadow fusion-flex-column-wrapper-legacy\"><div class=\"fusion-text fusion-text-6\"><p>Avec plus de 50 000 visiteurs pas an, la Grotte de Trabuc est un site majeur du patrimoine g\u00e9ologique C\u00e9venol. Ainsi, nous proposons \u00e0 nos clients une immersion au plus pr\u00e8s du milieu souterrain, qui favorise, par la c\u00f4t\u00e9 sensoriel et \u00e9motionnel de l&#8217;exp\u00e9rience, une prise de conscience sur notre place et notre r\u00f4le au c\u0153ur de la nature.<\/p>\n<\/div><div class=\"fusion-clearfix\"><\/div><\/div><\/div><\/div><\/div>\n<span class=\"et_bloom_bottom_trigger\"><\/span>","protected":false},"excerpt":{"rendered":"","protected":false},"author":3,"featured_media":0,"parent":0,"menu_order":0,"comment_status":"closed","ping_status":"closed","template":"","meta":{"_acf_changed":false,"inline_featured_image":false,"footnotes":""},"class_list":["post-8998","page","type-page","status-publish","hentry"],"acf":[],"_links":{"self":[{"href":"https:\/\/grotte-de-trabuc.com\/es\/wp-json\/wp\/v2\/pages\/8998","targetHints":{"allow":["GET"]}}],"collection":[{"href":"https:\/\/grotte-de-trabuc.com\/es\/wp-json\/wp\/v2\/pages"}],"about":[{"href":"https:\/\/grotte-de-trabuc.com\/es\/wp-json\/wp\/v2\/types\/page"}],"author":[{"embeddable":true,"href":"https:\/\/grotte-de-trabuc.com\/es\/wp-json\/wp\/v2\/users\/3"}],"replies":[{"embeddable":true,"href":"https:\/\/grotte-de-trabuc.com\/es\/wp-json\/wp\/v2\/comments?post=8998"}],"version-history":[{"count":4,"href":"https:\/\/grotte-de-trabuc.com\/es\/wp-json\/wp\/v2\/pages\/8998\/revisions"}],"predecessor-version":[{"id":9778,"href":"https:\/\/grotte-de-trabuc.com\/es\/wp-json\/wp\/v2\/pages\/8998\/revisions\/9778"}],"wp:attachment":[{"href":"https:\/\/grotte-de-trabuc.com\/es\/wp-json\/wp\/v2\/media?parent=8998"}],"curies":[{"name":"wp","href":"https:\/\/api.w.org\/{rel}","templated":true}]}}