{"id":9210,"date":"2021-03-26T14:52:17","date_gmt":"2021-03-26T13:52:17","guid":{"rendered":"https:\/\/grotte-de-trabuc.com\/le-mystere-des-100-000-soldats\/"},"modified":"2021-05-14T12:08:19","modified_gmt":"2021-05-14T10:08:19","slug":"le-mystere-des-100-000-soldats","status":"publish","type":"page","link":"https:\/\/grotte-de-trabuc.com\/es\/le-mystere-des-100-000-soldats\/","title":{"rendered":"Le myst\u00e8re des 100 000 soldats"},"content":{"rendered":"<div class=\"fusion-fullwidth fullwidth-box fusion-builder-row-1 fusion-flex-container nonhundred-percent-fullwidth non-hundred-percent-height-scrolling\" style=\"--awb-border-radius-top-left:0px;--awb-border-radius-top-right:0px;--awb-border-radius-bottom-right:0px;--awb-border-radius-bottom-left:0px;--awb-flex-wrap:wrap;\" ><div class=\"fusion-builder-row fusion-row fusion-flex-align-items-flex-start fusion-flex-content-wrap\" style=\"max-width:1456px;margin-left: calc(-4% \/ 2 );margin-right: calc(-4% \/ 2 );\"><div class=\"fusion-layout-column fusion_builder_column fusion-builder-column-0 fusion_builder_column_1_1 1_1 fusion-flex-column\" style=\"--awb-bg-size:cover;--awb-width-large:100%;--awb-margin-top-large:0px;--awb-spacing-right-large:1.92%;--awb-margin-bottom-large:20px;--awb-spacing-left-large:1.92%;--awb-width-medium:100%;--awb-order-medium:0;--awb-spacing-right-medium:1.92%;--awb-spacing-left-medium:1.92%;--awb-width-small:100%;--awb-order-small:0;--awb-spacing-right-small:1.92%;--awb-spacing-left-small:1.92%;\"><div class=\"fusion-column-wrapper fusion-column-has-shadow fusion-flex-justify-content-flex-start fusion-content-layout-column\"><div class=\"fusion-text fusion-text-1\"><p>Ils sont c\u00e9l\u00e8bres dans le monde entier, car nul n\u2019a jamais compris comment ces concr\u00e9tions miniatures ont \u00e9t\u00e9 form\u00e9es. Le myst\u00e8re scientifique est total.<\/p>\n<p>La Grotte de Trabuc est connue pour l&#8217;\u00e9nigmatique<strong> &#8220;salle des 100 000 soldats&#8221;<\/strong> dont le fond est tapiss\u00e9 d\u2019une for\u00eat de concr\u00e9tions centim\u00e9triques qui ressemblent \u00e0 des sapins d\u2019argile. Mais qui n\u2019en sont pas. La formation reste myst\u00e9rieuse \u00e0 ce jour car aucune trace de goutte \u00e0 goutte pr\u00e9sent ou pass\u00e9 est remarquable pour donner un d\u00e9but d\u2019explication, et tout cela dans un environnement calcaire tr\u00e8s argileux.<\/p>\n<\/div><\/div><\/div><div class=\"fusion-layout-column fusion_builder_column fusion-builder-column-1 fusion_builder_column_2_5 2_5 fusion-flex-column\" style=\"--awb-bg-size:cover;--awb-width-large:40%;--awb-margin-top-large:0px;--awb-spacing-right-large:4.8%;--awb-margin-bottom-large:20px;--awb-spacing-left-large:4.8%;--awb-width-medium:100%;--awb-order-medium:0;--awb-spacing-right-medium:1.92%;--awb-spacing-left-medium:1.92%;--awb-width-small:100%;--awb-order-small:0;--awb-spacing-right-small:1.92%;--awb-spacing-left-small:1.92%;\"><div class=\"fusion-column-wrapper fusion-column-has-shadow fusion-flex-justify-content-flex-start fusion-content-layout-column\"><div class=\"fusion-image-element \" style=\"--awb-caption-title-font-family:var(--h2_typography-font-family);--awb-caption-title-font-weight:var(--h2_typography-font-weight);--awb-caption-title-font-style:var(--h2_typography-font-style);--awb-caption-title-size:var(--h2_typography-font-size);--awb-caption-title-transform:var(--h2_typography-text-transform);--awb-caption-title-line-height:var(--h2_typography-line-height);--awb-caption-title-letter-spacing:var(--h2_typography-letter-spacing);\"><span class=\" fusion-imageframe imageframe-none imageframe-1 hover-type-none\"><img decoding=\"async\" width=\"2560\" height=\"1707\" title=\"@ Philippe Crochet &#8211; 2021 -SP 21-0485 Reprise\" src=\"https:\/\/grotte-de-trabuc.com\/wp-content\/uploads\/2021\/03\/@-Philippe-Crochet-2021-SP-21-0485-Reprise-scaled.jpg\" alt class=\"img-responsive wp-image-9021\" srcset=\"https:\/\/grotte-de-trabuc.com\/wp-content\/uploads\/2021\/03\/@-Philippe-Crochet-2021-SP-21-0485-Reprise-200x133.jpg 200w, https:\/\/grotte-de-trabuc.com\/wp-content\/uploads\/2021\/03\/@-Philippe-Crochet-2021-SP-21-0485-Reprise-400x267.jpg 400w, https:\/\/grotte-de-trabuc.com\/wp-content\/uploads\/2021\/03\/@-Philippe-Crochet-2021-SP-21-0485-Reprise-600x400.jpg 600w, https:\/\/grotte-de-trabuc.com\/wp-content\/uploads\/2021\/03\/@-Philippe-Crochet-2021-SP-21-0485-Reprise-800x533.jpg 800w, https:\/\/grotte-de-trabuc.com\/wp-content\/uploads\/2021\/03\/@-Philippe-Crochet-2021-SP-21-0485-Reprise-1200x800.jpg 1200w, https:\/\/grotte-de-trabuc.com\/wp-content\/uploads\/2021\/03\/@-Philippe-Crochet-2021-SP-21-0485-Reprise-scaled.jpg 2560w\" sizes=\"(max-width: 1024px) 100vw, (max-width: 640px) 100vw, 600px\" \/><\/span><\/div><\/div><\/div><div class=\"fusion-layout-column fusion_builder_column fusion-builder-column-2 fusion_builder_column_3_5 3_5 fusion-flex-column\" style=\"--awb-bg-size:cover;--awb-width-large:60%;--awb-margin-top-large:0px;--awb-spacing-right-large:3.2%;--awb-margin-bottom-large:20px;--awb-spacing-left-large:3.2%;--awb-width-medium:100%;--awb-order-medium:0;--awb-spacing-right-medium:1.92%;--awb-spacing-left-medium:1.92%;--awb-width-small:100%;--awb-order-small:0;--awb-spacing-right-small:1.92%;--awb-spacing-left-small:1.92%;\"><div class=\"fusion-column-wrapper fusion-column-has-shadow fusion-flex-justify-content-flex-start fusion-content-layout-column\"><div class=\"fusion-text fusion-text-2\"><p>En r\u00e9alit\u00e9 ces concr\u00e9tions sont un type tr\u00e8s sp\u00e9cial de cristaux de gours.<br \/>\nElles se forment sous l\u2019eau, dont elles ne d\u00e9passent pas le niveau, au creux d\u2019une vasque tr\u00e8s \u00e9tendue (plus de 100 m\u00b2) , et sont constitu\u00e9es de calcite \u00e0 95% et d\u2019argile \u00e0 5%. Parfois elles se rejoignent pour former les bords d\u2019un gour v\u00e9ritable.<br \/>\nLes \u00e9tapes interm\u00e9diaires de ces concr\u00e9tions sont spectaculaires :<br \/>\nchaque \u00ab soldat \u00bb semble form\u00e9 d\u2019un empilement de disques, probablement en relation avec des variations du niveau d\u2019eau. La calcite flottante, tr\u00e8s pr\u00e9sente \u00e9galement, semble jouer un r\u00f4le. Et puis bien s\u00fbr, l\u2019environnement argileux est fondamental par rapport \u00e0 la min\u00e9ralit\u00e9.<\/p>\n<\/div><\/div><\/div><div class=\"fusion-layout-column fusion_builder_column fusion-builder-column-3 fusion_builder_column_1_1 1_1 fusion-flex-column\" style=\"--awb-bg-size:cover;--awb-width-large:100%;--awb-margin-top-large:0px;--awb-spacing-right-large:1.92%;--awb-margin-bottom-large:20px;--awb-spacing-left-large:1.92%;--awb-width-medium:100%;--awb-order-medium:0;--awb-spacing-right-medium:1.92%;--awb-spacing-left-medium:1.92%;--awb-width-small:100%;--awb-order-small:0;--awb-spacing-right-small:1.92%;--awb-spacing-left-small:1.92%;\"><div class=\"fusion-column-wrapper fusion-column-has-shadow fusion-flex-justify-content-flex-start fusion-content-layout-column\"><div class=\"fusion-text fusion-text-3\"><h2 style=\"text-align: center;\"><strong>Mais comment et par quels m\u00e9canismes ces 100 000 soldats se sont-ils d<\/strong><strong>\u00e9velopp\u00e9s ?<\/strong><\/h2>\n<\/div><\/div><\/div><div class=\"fusion-layout-column fusion_builder_column fusion-builder-column-4 fusion_builder_column_3_5 3_5 fusion-flex-column\" style=\"--awb-bg-size:cover;--awb-width-large:60%;--awb-margin-top-large:0px;--awb-spacing-right-large:3.2%;--awb-margin-bottom-large:20px;--awb-spacing-left-large:3.2%;--awb-width-medium:100%;--awb-order-medium:0;--awb-spacing-right-medium:1.92%;--awb-spacing-left-medium:1.92%;--awb-width-small:100%;--awb-order-small:0;--awb-spacing-right-small:1.92%;--awb-spacing-left-small:1.92%;\"><div class=\"fusion-column-wrapper fusion-column-has-shadow fusion-flex-justify-content-flex-start fusion-content-layout-column\"><div class=\"fusion-text fusion-text-4\"><p style=\"text-align: left;\">Pour expliquer ou v\u00e9rifier scientifiquement ces formations, <strong>aucune des hypoth\u00e8ses avanc\u00e9es \u00e0 ce jour n\u2019est satisfaisante<\/strong>.<\/p>\n<p style=\"text-align: left;\">Des th\u00e9ories faisant intervenir des bact\u00e9ries \u00e0 celles impliquant des forces \u00e9lectro-statiques, en passant par d\u2019autres ph\u00e9nom\u00e8nes encore, ces 100 000 soldats font beaucoup parler. Et c\u2019est une bonne chose que la nature conserve certains secrets de fabrication.<\/p>\n<p style=\"text-align: left;\">Les premiers explorateurs pensaient que c\u2019\u00e9taient des stalagmites, mais rien ne tombe de la vo\u00fbte.<\/p>\n<p>Les \u00e9rudits et les connaisseurs parl\u00e8rent de stalactites inverses, provoqu\u00e9es par une mont\u00e9e des eaux \u00e0 travers la couche d\u2019argile des gours, rappelant les curieuses stalactites inverses de la Macocha, en Tch\u00e9coslovaquie. Mais, ici, il n\u2019y a pas de canal central pour alimenter la concr\u00e9tion en eau et la pr\u00e9sence de l\u2019eau est plus qu\u2019hypoth\u00e9tique, si l\u2019on en croit les sondages effectu\u00e9s.<\/p>\n<p>Dans leur th\u00e9ories, certains biologistes font intervenir des populations de microbes ou de champignons inf\u00e9rieurs, mais les m\u00eames associations existent sur des kilom\u00e8tres de galeries dans les grottes, sans pour cela que les gours y soient encombr\u00e9s de ces concr\u00e9tions \u00e9tranges.<\/p>\n<\/div><\/div><\/div><div class=\"fusion-layout-column fusion_builder_column fusion-builder-column-5 fusion_builder_column_2_5 2_5 fusion-flex-column\" style=\"--awb-bg-size:cover;--awb-width-large:40%;--awb-margin-top-large:0px;--awb-spacing-right-large:4.8%;--awb-margin-bottom-large:20px;--awb-spacing-left-large:4.8%;--awb-width-medium:100%;--awb-order-medium:0;--awb-spacing-right-medium:1.92%;--awb-spacing-left-medium:1.92%;--awb-width-small:100%;--awb-order-small:0;--awb-spacing-right-small:1.92%;--awb-spacing-left-small:1.92%;\"><div class=\"fusion-column-wrapper fusion-column-has-shadow fusion-flex-justify-content-flex-start fusion-content-layout-column\"><div class=\"fusion-image-element \" style=\"text-align:center;--awb-caption-title-font-family:var(--h2_typography-font-family);--awb-caption-title-font-weight:var(--h2_typography-font-weight);--awb-caption-title-font-style:var(--h2_typography-font-style);--awb-caption-title-size:var(--h2_typography-font-size);--awb-caption-title-transform:var(--h2_typography-text-transform);--awb-caption-title-line-height:var(--h2_typography-line-height);--awb-caption-title-letter-spacing:var(--h2_typography-letter-spacing);\"><span class=\" fusion-imageframe imageframe-none imageframe-2 hover-type-none\"><img decoding=\"async\" width=\"1707\" height=\"2560\" title=\"SP 21-0713\" src=\"https:\/\/grotte-de-trabuc.com\/wp-content\/uploads\/2021\/04\/SP-21-0713-scaled.jpg\" alt class=\"img-responsive wp-image-9179\" srcset=\"https:\/\/grotte-de-trabuc.com\/wp-content\/uploads\/2021\/04\/SP-21-0713-200x300.jpg 200w, https:\/\/grotte-de-trabuc.com\/wp-content\/uploads\/2021\/04\/SP-21-0713-400x600.jpg 400w, https:\/\/grotte-de-trabuc.com\/wp-content\/uploads\/2021\/04\/SP-21-0713-600x900.jpg 600w, https:\/\/grotte-de-trabuc.com\/wp-content\/uploads\/2021\/04\/SP-21-0713-800x1200.jpg 800w, https:\/\/grotte-de-trabuc.com\/wp-content\/uploads\/2021\/04\/SP-21-0713-1200x1800.jpg 1200w, https:\/\/grotte-de-trabuc.com\/wp-content\/uploads\/2021\/04\/SP-21-0713-scaled.jpg 1707w\" sizes=\"(max-width: 1024px) 100vw, (max-width: 640px) 100vw, 600px\" \/><\/span><\/div><\/div><\/div><div class=\"fusion-layout-column fusion_builder_column fusion-builder-column-6 fusion_builder_column_1_1 1_1 fusion-flex-column\" style=\"--awb-bg-size:cover;--awb-width-large:100%;--awb-margin-top-large:0px;--awb-spacing-right-large:1.92%;--awb-margin-bottom-large:20px;--awb-spacing-left-large:1.92%;--awb-width-medium:100%;--awb-order-medium:0;--awb-spacing-right-medium:1.92%;--awb-spacing-left-medium:1.92%;--awb-width-small:100%;--awb-order-small:0;--awb-spacing-right-small:1.92%;--awb-spacing-left-small:1.92%;\"><div class=\"fusion-column-wrapper fusion-column-has-shadow fusion-flex-justify-content-flex-start fusion-content-layout-column\"><div class=\"fusion-text fusion-text-5\"><p>Les sp\u00e9l\u00e9ologues de 1945 baptis\u00e8rent ces sentinelles impassibles dans leur berceau de pierre, les \u00ab 100 000 soldats \u00bb. Le nom est rest\u00e9. Rien d&#8217;\u00e9quivalent ne peut y \u00eatre compar\u00e9.<\/p>\n<p>Cette fameuse d\u00e9couverte des 100 000 soldats, bord\u00e9s par leurs murailles stalagmitiques serpentiformes, donna un essor \u00e0 l&#8217;am\u00e9nagement touristique, tant il est vrai que l&#8217;exceptionnel ne peut rester une affaire d&#8217;initi\u00e9s !<\/p>\n<p>Celui qui les a vus, se souviendra toujours de cette arm\u00e9e du silence, gardienne des remparts sur un champ de bataille, r\u00e9v\u00e9l\u00e9e peu \u00e0 peu par la lumi\u00e8re rampante des projecteurs.<\/p>\n<\/div><\/div><\/div><\/div><\/div>\n<span class=\"et_bloom_bottom_trigger\"><\/span>","protected":false},"excerpt":{"rendered":"","protected":false},"author":3,"featured_media":0,"parent":0,"menu_order":0,"comment_status":"closed","ping_status":"closed","template":"","meta":{"_acf_changed":false,"inline_featured_image":false,"footnotes":""},"class_list":["post-9210","page","type-page","status-publish","hentry"],"acf":[],"_links":{"self":[{"href":"https:\/\/grotte-de-trabuc.com\/es\/wp-json\/wp\/v2\/pages\/9210","targetHints":{"allow":["GET"]}}],"collection":[{"href":"https:\/\/grotte-de-trabuc.com\/es\/wp-json\/wp\/v2\/pages"}],"about":[{"href":"https:\/\/grotte-de-trabuc.com\/es\/wp-json\/wp\/v2\/types\/page"}],"author":[{"embeddable":true,"href":"https:\/\/grotte-de-trabuc.com\/es\/wp-json\/wp\/v2\/users\/3"}],"replies":[{"embeddable":true,"href":"https:\/\/grotte-de-trabuc.com\/es\/wp-json\/wp\/v2\/comments?post=9210"}],"version-history":[{"count":3,"href":"https:\/\/grotte-de-trabuc.com\/es\/wp-json\/wp\/v2\/pages\/9210\/revisions"}],"predecessor-version":[{"id":9779,"href":"https:\/\/grotte-de-trabuc.com\/es\/wp-json\/wp\/v2\/pages\/9210\/revisions\/9779"}],"wp:attachment":[{"href":"https:\/\/grotte-de-trabuc.com\/es\/wp-json\/wp\/v2\/media?parent=9210"}],"curies":[{"name":"wp","href":"https:\/\/api.w.org\/{rel}","templated":true}]}}